{"id":1571,"date":"2020-06-29T10:31:28","date_gmt":"2020-06-29T09:31:28","guid":{"rendered":"https:\/\/bueser-akademie.com\/?page_id=1571"},"modified":"2020-07-09T09:51:53","modified_gmt":"2020-07-09T08:51:53","slug":"online-learning","status":"publish","type":"page","link":"https:\/\/bueser-akademie.com\/index.php\/online-learning\/","title":{"rendered":"Online Learning"},"content":{"rendered":"[vc_row][vc_column width=&#8220;1\/3&#8243;][\/vc_column][vc_column width=&#8220;1\/3&#8243;][vc_single_image media=&#8220;1674&#8243; media_width_percent=&#8220;100&#8243; css_animation=&#8220;zoom-in&#8220; lbox_deep=&#8220;yes&#8220; media_link=&#8220;url:https%3A%2F%2Fbueser-akademie.com%2Findex.php%2Fwebinare_termin_1%2F|title:E-Lerning_ingenium||&#8220;][\/vc_column][vc_column width=&#8220;1\/3&#8243;][\/vc_column][\/vc_row][vc_row row_height_percent=&#8220;0&#8243; overlay_alpha=&#8220;50&#8243; gutter_size=&#8220;3&#8243; column_width_percent=&#8220;100&#8243; shift_y=&#8220;0&#8243; z_index=&#8220;0&#8243; css=&#8220;.vc_custom_1593438464913{padding-bottom: 20px !important;}&#8220;][vc_column width=&#8220;1\/1&#8243;][vc_column_text]<strong>Online Learning<\/strong> ist die ideale Erg\u00e4nzung zu klassischen Formen des Lernens. Die Experten der Dr. B\u00fcser Management Akademie haben in den letzten Jahren mit Online Learning in Form von Webinaren oder Online-Coaching reichlich Erfahrungen gesammelt.\r\n\r\nDie Dr. Bueser Management Akademie verf\u00fcgt \u00fcber ein eigenes Film- und Tonstudio zur Produktion von Online-Lernmaterialien. Wir erstellen auf Anfrage individuell zugeschnittene Online-Lernmaterialien f\u00fcr Unternehmen auf gutem Qualit\u00e4tsniveau. Starke Kooperationspartner erm\u00f6glichen zudem, Online-Lernmaterialien auf aufw\u00e4ndigem Spitzen-Qualit\u00e4tsniveau anzufertigen. <a href=\"https:\/\/bueser-akademie.com\/index.php\/kontakt\/\">Sprechen Sie uns an.<\/a>\r\n<ul>\r\n \t<li>Amproduction: Videos, Podcasts, Live-Streaming <a href=\"https:\/\/www.amproduction.de\/\" target=\"_blank\" rel=\"noopener noreferrer\">https:\/\/www.amproduction.de<\/a><\/li>\r\n \t<li>Ingenium: Web Based Trainings, Spezialisten f\u00fcr Digitalisierung von Unternehmen <a href=\"https:\/\/www.ingenium.de\/\" target=\"_blank\" rel=\"noopener noreferrer\">https:\/\/www.ingenium.de<\/a><\/li>\r\n<\/ul>\r\nWir sind lizenzierter Partner von Topsim mit dem Unternehmensplanspiel \u201eGeneral Management\u201c (Cloud) <a href=\"https:\/\/topsim.com\/de\" target=\"_blank\" rel=\"noopener noreferrer\">https:\/\/topsim.com\/de<\/a>\r\n\r\nTeilt man die Lernformen nach der Kategorie der Zeit, dann kann zeitlich synchron mit einem Trainer\/Coach oder zeitlich asynchron mit Lernmaterialien gelernt werden.\r\nTeilt man die Lernformen nach &#8222;klassisch&#8220; und &#8222;online&#8220;, dann liegt der Unterschied in der Lernumgebung. Lernen auf der Grundlage von Informationstechnik (online) kann an flexiblen Lernorten stattfinden; ohne Informationstechnik (klassisch) findet Lernen an einem Ort statt.\r\n\r\nDaraus ergeben sich <strong>vier Lerndesigns<\/strong>, die je nach Thema und Lernziel eingesetzt und miteinander kombiniert werden k\u00f6nnen.[\/vc_column_text][\/vc_column][\/vc_row][vc_row][vc_column column_width_percent=&#8220;100&#8243; gutter_size=&#8220;3&#8243; overlay_alpha=&#8220;50&#8243; shift_x=&#8220;0&#8243; shift_y=&#8220;-2&#8243; shift_y_down=&#8220;0&#8243; z_index=&#8220;0&#8243; medium_width=&#8220;0&#8243; mobile_width=&#8220;0&#8243; width=&#8220;1\/1&#8243;][vc_single_image media=&#8220;1504&#8243; media_width_percent=&#8220;52&#8243; alignment=&#8220;center&#8220;][\/vc_column][\/vc_row][vc_row][vc_column column_width_percent=&#8220;100&#8243; gutter_size=&#8220;3&#8243; overlay_alpha=&#8220;50&#8243; shift_x=&#8220;0&#8243; shift_y=&#8220;-2&#8243; shift_y_down=&#8220;0&#8243; z_index=&#8220;0&#8243; medium_width=&#8220;0&#8243; mobile_width=&#8220;0&#8243; width=&#8220;1\/1&#8243;][vc_column_text]Die verschiedenen Lernformen erm\u00f6glichen eine ideale Anpassung des Lerndesigns an das Lernziel, vom schnellen flexiblen Impuls (z. B. Handout\/Lernvideo), der ortsunabh\u00e4ngigen Vermittlung und Diskussion von Inhalten (z. B. Online Training) bis zum intensiven handlungsorientierten Lernen im Pr\u00e4senztraining.\r\nDie Kombination von Lerndesigns entfaltet starke und nachhaltige Wirkung vor allem in langfristig durchgef\u00fchrten Entwicklungsprogrammen f\u00fcr Leistungstr\u00e4ger (F\u00fchrungskr\u00e4fte, Potenzialtr\u00e4ger, Projektleiter usw.) sowie in nachhaltigem Change Management von Unternehmen und Organisationen.[\/vc_column_text][\/vc_column][\/vc_row]","protected":false},"excerpt":{"rendered":"<p>[vc_row][vc_column width=&#8220;1\/3&#8243;][\/vc_column][vc_column width=&#8220;1\/3&#8243;][vc_single_image media=&#8220;1674&#8243; media_width_percent=&#8220;100&#8243; css_animation=&#8220;zoom-in&#8220; lbox_deep=&#8220;yes&#8220; media_link=&#8220;url:https%3A%2F%2Fbueser-akademie.com%2Findex.php%2Fwebinare_termin_1%2F|title:E-Lerning_ingenium||&#8220;][\/vc_column][vc_column width=&#8220;1\/3&#8243;][\/vc_column][\/vc_row][vc_row row_height_percent=&#8220;0&#8243; overlay_alpha=&#8220;50&#8243; gutter_size=&#8220;3&#8243; column_width_percent=&#8220;100&#8243; shift_y=&#8220;0&#8243; z_index=&#8220;0&#8243; css=&#8220;.vc_custom_1593438464913{padding-bottom: 20px !important;}&#8220;][vc_column width=&#8220;1\/1&#8243;][vc_column_text]Online Learning [&hellip;]<\/p>\n","protected":false},"author":3,"featured_media":0,"parent":0,"menu_order":0,"comment_status":"closed","ping_status":"closed","template":"","meta":[],"_links":{"self":[{"href":"https:\/\/bueser-akademie.com\/index.php\/wp-json\/wp\/v2\/pages\/1571"}],"collection":[{"href":"https:\/\/bueser-akademie.com\/index.php\/wp-json\/wp\/v2\/pages"}],"about":[{"href":"https:\/\/bueser-akademie.com\/index.php\/wp-json\/wp\/v2\/types\/page"}],"author":[{"embeddable":true,"href":"https:\/\/bueser-akademie.com\/index.php\/wp-json\/wp\/v2\/users\/3"}],"replies":[{"embeddable":true,"href":"https:\/\/bueser-akademie.com\/index.php\/wp-json\/wp\/v2\/comments?post=1571"}],"version-history":[{"count":16,"href":"https:\/\/bueser-akademie.com\/index.php\/wp-json\/wp\/v2\/pages\/1571\/revisions"}],"predecessor-version":[{"id":1957,"href":"https:\/\/bueser-akademie.com\/index.php\/wp-json\/wp\/v2\/pages\/1571\/revisions\/1957"}],"wp:attachment":[{"href":"https:\/\/bueser-akademie.com\/index.php\/wp-json\/wp\/v2\/media?parent=1571"}],"curies":[{"name":"wp","href":"https:\/\/api.w.org\/{rel}","templated":true}]}}