{"id":160,"date":"2019-12-19T12:12:06","date_gmt":"2019-12-19T11:12:06","guid":{"rendered":"https:\/\/bueser-akademie.com\/?page_id=160"},"modified":"2020-07-24T11:22:20","modified_gmt":"2020-07-24T10:22:20","slug":"entwicklungsprogramme","status":"publish","type":"page","link":"https:\/\/bueser-akademie.com\/index.php\/entwicklungsprogramme\/","title":{"rendered":"Entwicklungsprogramme"},"content":{"rendered":"<p>[vc_row][vc_column width=&#8220;2\/3&#8243;][vc_column_text]<\/p>\n<blockquote>\n<div>&#8222;Die Teilnehmer pilgern regelrecht zu den Bausteinen der Entwicklungsprogramme. Neben der Pers\u00f6nlichkeitsentwicklung, den Projekten und der Organisationsentwicklung entstehen Begeisterung und pers\u00f6nliche Netzwerke, die das Unternehmen in der Praxis nach vorne bringen.&#8220;<\/div>\n<\/blockquote>\n<div><em>Meike Schmidt-Denter, Leiterin Personalentwicklung Schmolz + Bickenbach<\/em><\/div>\n<p>[\/vc_column_text][\/vc_column][vc_column width=&#8220;1\/3&#8243;][vc_row_inner limit_content=&#8220;&#8220;][vc_column_inner width=&#8220;1\/2&#8243;][vc_icon display=&#8220;inline&#8220; icon=&#8220;fa fa-file-pdf-o&#8220; icon_color=&#8220;color-169240&#8243; background_style=&#8220;fa-rounded&#8220; size=&#8220;fa-3x&#8220; heading_semantic=&#8220;p&#8220; text_size=&#8220;&#8220; link=&#8220;url:https%3A%2F%2Fbueser-akademie.com%2Fwp-content%2Fuploads%2F2020%2F07%2FBeispiel-2-Leadership-Entwicklungsprogramm-B%C3%BCser-Akademie.pdf||target:%20_blank|&#8220; title=&#8220;Leadership Entwicklungsprogramm&#8220;][\/vc_icon][\/vc_column_inner][vc_column_inner width=&#8220;1\/2&#8243;][vc_icon display=&#8220;inline&#8220; icon=&#8220;fa fa-file-pdf-o&#8220; icon_color=&#8220;color-169240&#8243; background_style=&#8220;fa-rounded&#8220; size=&#8220;fa-3x&#8220; heading_semantic=&#8220;p&#8220; text_size=&#8220;&#8220; link=&#8220;url:https%3A%2F%2Fbueser-akademie.com%2Fwp-content%2Fuploads%2F2020%2F07%2FBeispiel-1-F%C3%BChrungskr%C3%A4fte-Entwicklungsprogramm-Dr.-B%C3%BCser-Management-Akademie.pdf||target:%20_blank|&#8220; title=&#8220;F\u00fchrungskr\u00e4fte Entwicklungsprogramm&#8220;][\/vc_icon][\/vc_column_inner][\/vc_row_inner][\/vc_column][\/vc_row][vc_row][vc_column width=&#8220;1\/1&#8243;][vc_single_image media=&#8220;87&#8243; media_width_percent=&#8220;100&#8243;][vc_column_text]<strong>Entwicklungsprogramme<\/strong>\u00a0dienen der langfristigen und nachhaltigen Kompetenz- und Pers\u00f6nlichkeitsentwicklung der Teilnehmer. Entwicklungsprogramme richten sich an verschiedene klar definierte Zielgruppen und werden je nach Zielgruppe individuell durchgef\u00fchrt (Beispiel\u00a0<a href=\"https:\/\/bueser-akademie.com\/wp-content\/uploads\/2020\/02\/Beispiel-1-Leadership-Entwicklungsprogramm-B%C3%BCser-Akademie-2020.pdf\">Entwicklungsprogramm<\/a>).<\/p>\n<p>Typische Zielgruppen sind:<\/p>\n<ul>\n<li>Nachwuchsf\u00fchrungskr\u00e4fte\/Potentialtr\u00e4ger<\/li>\n<li>Etablierte F\u00fchrungskr\u00e4fte<\/li>\n<li>Projektmanager<\/li>\n<li>Schl\u00fcsselexperten (zum Management ihrer Expertise)<\/li>\n<li>Schl\u00fcsselabteilungen<\/li>\n<\/ul>\n<p>Viele Entwicklungsimpulse werden aufeinander abgestimmt und f\u00fchren zu einem nachhaltigen Nutzen.<\/p>\n<ul>\n<li>Trainings<\/li>\n<li>Coaching<\/li>\n<li>Kaminabende<\/li>\n<li>Mentoring<\/li>\n<li>Management-Literatur<\/li>\n<li>Blended Learning\/Online-Learning<\/li>\n<li>Individuelle Lernpl\u00e4ne<\/li>\n<li>Projektarbeit zur Organisations- bzw. Unternehmensentwicklung<\/li>\n<li>Verbesserung des eigenen Verantwortungsbereichs<\/li>\n<\/ul>\n<p>Entwicklungsprogramme zielen sowohl auf die langfristige Pers\u00f6nlichkeitsentwicklung, die Verbesserung der Arbeitsleistung im Alltag und die nachhaltige Unternehmensentwicklung. Unsere Entwicklungsprogramme sind nach neuesten Erkenntnissen der Neurodidaktik aufgebaut. Sie verbinden Reflexion mit Action \u2013 und machen Spa\u00df!\u00a0<a href=\"https:\/\/bueser-akademie.com\/index.php\/kontakt\/\">Sprechen Sie uns an.<\/a><\/p>\n<p>Warum Entwicklungsprogramme und keine Einzeltrainings?<\/p>\n<p>Entwicklungsprogramme haben viele Vorteile:<\/p>\n<ul>\n<li>Nachhaltige Pers\u00f6nlichkeitsentwicklung ist aus Sicht der Hirnforschung nur durch langfristig aufeinander abgestimmte Impulse m\u00f6glich.<\/li>\n<li>Inhalte k\u00f6nnen perfekt auf Ihr Unternehmen und Ihre Unternehmensentwicklung abgestimmt werden.<\/li>\n<li>Entwicklungsprogramme finanzieren sich durch die Projekte zur Unternehmensentwicklung selbst \u2013 Personalentwicklung als Profit Center!<\/li>\n<li>Die Attraktivit\u00e4t des Unternehmens f\u00fcr externe Bewerber erh\u00f6ht sich.<\/li>\n<li>Es entstehen Netzwerke zwischen den Unternehmensbereichen.<\/li>\n<\/ul>\n<p>&nbsp;<\/p>\n<p>&nbsp;[\/vc_column_text][\/vc_column][\/vc_row]<\/p>\n","protected":false},"excerpt":{"rendered":"<p>[vc_row][vc_column width=&#8220;2\/3&#8243;][vc_column_text] &#8222;Die Teilnehmer pilgern regelrecht zu den Bausteinen der Entwicklungsprogramme. Neben der Pers\u00f6nlichkeitsentwicklung, den Projekten und der Organisationsentwicklung entstehen [&hellip;]<\/p>\n","protected":false},"author":2,"featured_media":0,"parent":0,"menu_order":0,"comment_status":"closed","ping_status":"closed","template":"","meta":[],"_links":{"self":[{"href":"https:\/\/bueser-akademie.com\/index.php\/wp-json\/wp\/v2\/pages\/160"}],"collection":[{"href":"https:\/\/bueser-akademie.com\/index.php\/wp-json\/wp\/v2\/pages"}],"about":[{"href":"https:\/\/bueser-akademie.com\/index.php\/wp-json\/wp\/v2\/types\/page"}],"author":[{"embeddable":true,"href":"https:\/\/bueser-akademie.com\/index.php\/wp-json\/wp\/v2\/users\/2"}],"replies":[{"embeddable":true,"href":"https:\/\/bueser-akademie.com\/index.php\/wp-json\/wp\/v2\/comments?post=160"}],"version-history":[{"count":22,"href":"https:\/\/bueser-akademie.com\/index.php\/wp-json\/wp\/v2\/pages\/160\/revisions"}],"predecessor-version":[{"id":2533,"href":"https:\/\/bueser-akademie.com\/index.php\/wp-json\/wp\/v2\/pages\/160\/revisions\/2533"}],"wp:attachment":[{"href":"https:\/\/bueser-akademie.com\/index.php\/wp-json\/wp\/v2\/media?parent=160"}],"curies":[{"name":"wp","href":"https:\/\/api.w.org\/{rel}","templated":true}]}}