{"id":1747,"date":"2020-07-01T13:18:35","date_gmt":"2020-07-01T12:18:35","guid":{"rendered":"https:\/\/bueser-akademie.com\/?page_id=1747"},"modified":"2021-09-21T10:17:56","modified_gmt":"2021-09-21T09:17:56","slug":"webinare_termin_1","status":"publish","type":"page","link":"https:\/\/bueser-akademie.com\/index.php\/webinare_termin_1\/","title":{"rendered":"Webinare_Termin_1"},"content":{"rendered":"[vc_row row_height_percent=&#8220;23&#8243; overlay_alpha=&#8220;50&#8243; gutter_size=&#8220;3&#8243; column_width_percent=&#8220;100&#8243; shift_y=&#8220;0&#8243; z_index=&#8220;0&#8243;][vc_column column_width_percent=&#8220;100&#8243; gutter_size=&#8220;3&#8243; font_family=&#8220;font-275683&#8243; overlay_alpha=&#8220;50&#8243; shift_x=&#8220;0&#8243; shift_y=&#8220;0&#8243; shift_y_down=&#8220;0&#8243; z_index=&#8220;0&#8243; medium_width=&#8220;0&#8243; mobile_width=&#8220;0&#8243; width=&#8220;1\/1&#8243;][vc_custom_heading heading_semantic=&#8220;h3&#8243; text_size=&#8220;&#8220; text_color=&#8220;color-169240&#8243;]<strong><span style=\"font-size: 14pt;\">Termine Webinare<\/span>\r\n<\/strong>\r\n\r\nI<span style=\"font-size: 12pt;\">hr Thema ist nicht dabei? <a href=\"https:\/\/bueser-akademie.com\/index.php\/kontakt\/\">Bitte sprechen Sie uns an!<\/a> Wir verf\u00fcgen \u00fcber eine gro\u00dfe Anzahl professioneller Themen (<a href=\"https:\/\/bueser-akademie.com\/wp-content\/uploads\/2020\/02\/Seminarangebot-2020-Dr.-B\u00fcser-Management-Akademie.pdf\">Seminarangebot 2020, Dr. B\u00fcser Management Akademie<\/a>) und entwickeln auf Wunsch ein Webinar genau nach Ihren Interessen, nach Thema, Umfang und Zeit!\r\n<\/span>[\/vc_custom_heading][vc_column_text][\/vc_column_text][\/vc_column][\/vc_row][vc_row row_height_percent=&#8220;40&#8243; overlay_alpha=&#8220;50&#8243; gutter_size=&#8220;3&#8243; column_width_percent=&#8220;100&#8243; shift_y=&#8220;0&#8243; z_index=&#8220;0&#8243;][vc_column column_width_percent=&#8220;100&#8243; position_vertical=&#8220;bottom&#8220; gutter_size=&#8220;1&#8243; overlay_alpha=&#8220;50&#8243; shift_x=&#8220;0&#8243; shift_y=&#8220;-4&#8243; shift_y_down=&#8220;0&#8243; z_index=&#8220;0&#8243; medium_width=&#8220;0&#8243; mobile_width=&#8220;0&#8243; width=&#8220;1\/1&#8243;][vc_single_image media=&#8220;1416&#8243; media_width_percent=&#8220;100&#8243;][vc_column_text css=&#8220;.vc_custom_1632215017509{margin-top: 0px !important;margin-bottom: 10px !important;border-top-width: 10px !important;border-bottom-width: 10px !important;padding-top: 10px !important;}&#8220;]<span style=\"font-size: 12pt; font-family: Open Sans;\"><strong>Di., 12.10., 08:00 Uhr,<\/strong> \u00a0\u00a0 <a href=\"https:\/\/bueser-akademie.com\/index.php\/web_staerke-orientierun\/\">St\u00e4rke-Orientierung &#8211; der Schl\u00fcssel zu einer erfolgreichen Karriere\u00a0<\/a>\u00a0 <a href=\"https:\/\/bueser-akademie.com\/index.php\/kontakt\/\">Anmeldung<\/a><\/span>[\/vc_column_text][vc_single_image media=&#8220;1416&#8243; media_width_percent=&#8220;100&#8243;][vc_column_text css=&#8220;.vc_custom_1632215057306{margin-top: 0px !important;margin-bottom: 10px !important;border-top-width: 10px !important;border-bottom-width: 10px !important;padding-top: 10px !important;}&#8220;]<span style=\"font-size: 12pt; font-family: Open Sans;\"><strong>Mo., 12.10., 16:00 Uhr,<\/strong> \u00a0\u00a0 <a href=\"https:\/\/bueser-akademie.com\/index.php\/web_home-office\/\">Effiziente F\u00fchrung im Homeoffice<\/a>\u00a0\u00a0\u00a0\u00a0<\/span><a href=\"https:\/\/bueser-akademie.com\/index.php\/kontakt\/\"><span style=\"font-size: 12pt; font-family: Open Sans;\"> Anmeldung<\/span><\/a>[\/vc_column_text][vc_single_image media=&#8220;1416&#8243; media_width_percent=&#8220;100&#8243;][vc_column_text css=&#8220;.vc_custom_1632215128007{margin-top: 0px !important;margin-bottom: 10px !important;border-top-width: 10px !important;border-bottom-width: 10px !important;padding-top: 10px !important;}&#8220;]<span style=\"font-size: 12pt;\"><strong>Mi., 13.10., 08:00 Uhr,<\/strong> \u00a0\u00a0 <a href=\"https:\/\/bueser-akademie.com\/index.php\/agile-leadership\/\"><span style=\"font-family: Open Sans;\">Agile Leadership &#8211; Prinzipien, Tools, Kultur<\/span><\/a> \u00a0\u00a0 <a href=\"https:\/\/bueser-akademie.com\/index.php\/kontakt\/\">Anmeldung<\/a>\u00a0 <\/span>[\/vc_column_text][vc_single_image media=&#8220;1416&#8243; media_width_percent=&#8220;100&#8243;][vc_column_text css=&#8220;.vc_custom_1632215201747{margin-top: 0px !important;margin-bottom: 10px !important;border-top-width: 10px !important;border-bottom-width: 10px !important;padding-top: 10px !important;}&#8220;]<span style=\"font-size: 12pt;\"><strong>Mi., 13.10., 16:00 Uhr,\u00a0\u00a0 <\/strong><a href=\"https:\/\/bueser-akademie.com\/index.php\/agile-learning\/\"><span style=\"font-size: 11pt; font-family: Open Sans;\"><span style=\"font-size: 12pt;\">Agile Learning &#8211; die Symbiose von Agilit\u00e4t und Lernen<\/span><\/span><\/a> \u00a0\u00a0 <a href=\"https:\/\/bueser-akademie.com\/index.php\/kontakt\/\">Anmeldung<\/a><\/span>[\/vc_column_text][vc_single_image media=&#8220;1416&#8243; media_width_percent=&#8220;100&#8243;][vc_column_text css=&#8220;.vc_custom_1632215379009{margin-top: 0px !important;margin-bottom: 10px !important;border-top-width: 10px !important;border-bottom-width: 10px !important;padding-top: 10px !important;}&#8220;]<span style=\"font-size: 12pt; font-family: Open Sans;\"><strong>Do., 21.10., 08:00 Uhr,<\/strong> \u00a0\u00a0 <a href=\"https:\/\/bueser-akademie.com\/index.php\/web_home-office\/\">Effiziente F\u00fchrung im Homeoffice<\/a>\u00a0\u00a0\u00a0\u00a0<\/span><a href=\"https:\/\/bueser-akademie.com\/index.php\/kontakt\/\"><span style=\"font-size: 12pt; font-family: Open Sans;\"> Anmeldung<\/span><\/a>[\/vc_column_text][vc_single_image media=&#8220;1416&#8243; media_width_percent=&#8220;100&#8243;][vc_column_text css=&#8220;.vc_custom_1632215390748{margin-top: 0px !important;margin-bottom: 10px !important;border-top-width: 10px !important;border-bottom-width: 10px !important;padding-top: 10px !important;}&#8220;]<span style=\"font-size: 12pt; font-family: Open Sans;\"><strong>Do., 21.10., 16:00 Uhr,<\/strong><span style=\"font-size: 11pt;\"><span style=\"font-size: 12pt;\"> \u00a0\u00a0 <a href=\"https:\/\/bueser-akademie.com\/index.php\/web_staerke-orientierun\/\">St\u00e4rke-Orientierung &#8211; der Schl\u00fcssel zu einer erfolgreichen Karriere<\/a><\/span>\u00a0\u00a0\u00a0\u00a0 <a href=\"https:\/\/bueser-akademie.com\/index.php\/kontakt\/\"><span style=\"font-size: 12pt;\">Anmeldung<\/span><\/a><\/span><\/span>[\/vc_column_text][vc_single_image media=&#8220;1416&#8243; media_width_percent=&#8220;100&#8243;][vc_column_text css=&#8220;.vc_custom_1632215478348{margin-top: 0px !important;margin-bottom: 10px !important;border-top-width: 10px !important;border-bottom-width: 10px !important;padding-top: 10px !important;}&#8220;]<span style=\"font-size: 12pt;\"><span style=\"font-family: Open Sans;\"><strong>Fr., 22.10., 08:00 Uhr,<\/strong> \u00a0<span style=\"font-size: 12pt;\"><a href=\"https:\/\/bueser-akademie.com\/index.php\/agiles-projektmanagement\/\"> Agiles Projektmanagement in der Praxis<\/a>\u00a0\u00a0\u00a0 <a href=\"https:\/\/bueser-akademie.com\/index.php\/kontakt\/\">Anmeldung<\/a><\/span><\/span>\r\n<\/span>[\/vc_column_text][vc_single_image media=&#8220;1416&#8243; media_width_percent=&#8220;100&#8243;][vc_column_text css=&#8220;.vc_custom_1632215491431{margin-top: 0px !important;margin-bottom: 10px !important;border-top-width: 10px !important;border-bottom-width: 10px !important;padding-top: 10px !important;}&#8220;]<span style=\"font-size: 12pt;\"><strong>Fr., 22.10., 16:00 Uhr,<\/strong> \u00a0\u00a0 <a href=\"https:\/\/bueser-akademie.com\/index.php\/agile-leadership\/\"><span style=\"font-family: Open Sans;\">Agile Leadership &#8211; Prinzipien, Tools, Kultur<\/span><\/a> \u00a0\u00a0 <a href=\"https:\/\/bueser-akademie.com\/index.php\/kontakt\/\">Anmeldung<\/a>\u00a0 <\/span>[\/vc_column_text][vc_single_image media=&#8220;1416&#8243; media_width_percent=&#8220;100&#8243;][vc_column_text css=&#8220;.vc_custom_1632215527273{margin-top: 0px !important;margin-bottom: 10px !important;border-top-width: 10px !important;border-bottom-width: 10px !important;padding-top: 10px !important;}&#8220;]<span style=\"font-size: 12pt; font-family: Open Sans;\"><strong>Mo., 25.10., 16:00 Uhr,<\/strong> \u00a0\u00a0 <a href=\"https:\/\/bueser-akademie.com\/index.php\/agile-learning\/\">Agile Learning &#8211; die Symbiose von Agilit\u00e4t und Lernen<\/a>\u00a0\u00a0\u00a0\u00a0\u00a0 <a href=\"https:\/\/bueser-akademie.com\/index.php\/kontakt\/\">Anmeldung<\/a><\/span>[\/vc_column_text][vc_single_image media=&#8220;1416&#8243; media_width_percent=&#8220;100&#8243;][vc_column_text css=&#8220;.vc_custom_1632215552862{margin-top: 0px !important;margin-bottom: 10px !important;border-top-width: 10px !important;border-bottom-width: 10px !important;padding-top: 10px !important;}&#8220;]<span style=\"font-size: 12pt; font-family: Open Sans;\"><strong>Di., 26.10., 16:00 Uhr,<\/strong> \u00a0\u00a0 <a href=\"https:\/\/bueser-akademie.com\/index.php\/web_home-office\/\">Effiziente F\u00fchrung im Homeoffice<\/a>\u00a0\u00a0\u00a0\u00a0<\/span><a href=\"https:\/\/bueser-akademie.com\/index.php\/kontakt\/\"><span style=\"font-size: 12pt; font-family: Open Sans;\"> Anmeldung<\/span><\/a>[\/vc_column_text][vc_single_image media=&#8220;1416&#8243; media_width_percent=&#8220;100&#8243;][vc_column_text css=&#8220;.vc_custom_1632215606338{margin-top: 0px !important;margin-bottom: 10px !important;border-top-width: 10px !important;border-bottom-width: 10px !important;padding-top: 10px !important;}&#8220;]<span style=\"font-size: 12pt; font-family: Open Sans;\"><strong>Mi., 27.10., 08:00 Uhr,<\/strong> \u00a0\u00a0 <a href=\"https:\/\/bueser-akademie.com\/index.php\/web_staerke-orientierun\/\">St\u00e4rke-Orientierung &#8211; der Schl\u00fcssel zu einer erfolgreichen Karriere\u00a0<\/a>\u00a0 <a href=\"https:\/\/bueser-akademie.com\/index.php\/kontakt\/\">Anmeldung<\/a><\/span>[\/vc_column_text][vc_single_image media=&#8220;1416&#8243; media_width_percent=&#8220;100&#8243;][vc_column_text css=&#8220;.vc_custom_1632215625292{margin-top: 0px !important;margin-bottom: 10px !important;border-top-width: 10px !important;border-bottom-width: 10px !important;padding-top: 10px !important;}&#8220;]<span style=\"font-size: 12pt;\"><span style=\"font-family: Open Sans;\"><strong>Mi., 27.10., 16:00 Uhr,<\/strong> \u00a0<span style=\"font-size: 12pt;\"><a href=\"https:\/\/bueser-akademie.com\/index.php\/agiles-projektmanagement\/\"> Agiles Projektmanagement in der Praxis<\/a>\u00a0\u00a0\u00a0 <a href=\"https:\/\/bueser-akademie.com\/index.php\/kontakt\/\">Anmeldung<\/a><\/span><\/span>\r\n<\/span>[\/vc_column_text][vc_single_image media=&#8220;1416&#8243; media_width_percent=&#8220;100&#8243;][vc_column_text css=&#8220;.vc_custom_1632215749180{margin-top: 0px !important;margin-bottom: 10px !important;border-top-width: 10px !important;border-bottom-width: 10px !important;padding-top: 10px !important;}&#8220;]<span style=\"font-size: 12pt;\"><span style=\"font-family: Open Sans;\"><strong>Do., 28.10., 08:00 Uhr,<\/strong> \u00a0<span style=\"font-size: 12pt;\"><a href=\"https:\/\/bueser-akademie.com\/index.php\/agiles-projektmanagement\/\"> Agiles Projektmanagement in der Praxis<\/a>\u00a0\u00a0\u00a0 <a href=\"https:\/\/bueser-akademie.com\/index.php\/kontakt\/\">Anmeldung<\/a><\/span><\/span>\r\n<\/span>[\/vc_column_text][vc_single_image media=&#8220;1416&#8243; media_width_percent=&#8220;100&#8243;][vc_column_text css=&#8220;.vc_custom_1632215643862{margin-top: 0px !important;margin-bottom: 10px !important;border-top-width: 10px !important;border-bottom-width: 10px !important;padding-top: 10px !important;}&#8220;]<span style=\"font-size: 12pt; font-family: Open Sans;\"><strong>Do., 28.10., 08:00 Uhr,<\/strong>\u00a0 \u00a0<a href=\"https:\/\/bueser-akademie.com\/index.php\/agile-leadership\/\">Agile Leadership &#8211; Prinzipien, Tools, Kultur<\/a> \u00a0\u00a0\u00a0 <a href=\"https:\/\/bueser-akademie.com\/index.php\/kontakt\/\">Anmeldung<\/a><\/span>[\/vc_column_text][vc_single_image media=&#8220;1416&#8243; media_width_percent=&#8220;100&#8243;][vc_column_text css=&#8220;.vc_custom_1632215804648{margin-top: 0px !important;margin-bottom: 10px !important;border-top-width: 10px !important;border-bottom-width: 10px !important;padding-top: 10px !important;}&#8220;]<span style=\"font-size: 12pt; font-family: Open Sans;\"><strong>Mo., 08.10., 16:00 Uhr,<\/strong> \u00a0\u00a0 <a href=\"https:\/\/bueser-akademie.com\/index.php\/agile-learning\/\">Agile Learning &#8211; die Symbiose von Agilit\u00e4t und Lernen<\/a>\u00a0\u00a0\u00a0\u00a0\u00a0 <a href=\"https:\/\/bueser-akademie.com\/index.php\/kontakt\/\">Anmeldung<\/a><\/span>[\/vc_column_text][vc_single_image media=&#8220;1416&#8243; media_width_percent=&#8220;100&#8243;][vc_column_text css=&#8220;.vc_custom_1632215829255{margin-top: 0px !important;margin-bottom: 10px !important;border-top-width: 10px !important;border-bottom-width: 10px !important;padding-top: 10px !important;}&#8220;]<span style=\"font-size: 12pt; font-family: Open Sans;\"><strong>Mo., 15.10., 16:00 Uhr,<\/strong> \u00a0\u00a0 <a href=\"https:\/\/bueser-akademie.com\/index.php\/web_home-office\/\">Effiziente F\u00fchrung im Homeoffice<\/a>\u00a0\u00a0\u00a0\u00a0<\/span><a href=\"https:\/\/bueser-akademie.com\/index.php\/kontakt\/\"><span style=\"font-size: 12pt; font-family: Open Sans;\"> Anmeldung<\/span><\/a>[\/vc_column_text][vc_single_image media=&#8220;1416&#8243; media_width_percent=&#8220;100&#8243;][\/vc_column][\/vc_row][vc_row row_height_percent=&#8220;0&#8243; overlay_alpha=&#8220;50&#8243; gutter_size=&#8220;3&#8243; column_width_percent=&#8220;100&#8243; shift_y=&#8220;0&#8243; z_index=&#8220;0&#8243;][vc_column column_width_percent=&#8220;100&#8243; position_horizontal=&#8220;right&#8220; gutter_size=&#8220;3&#8243; overlay_alpha=&#8220;50&#8243; shift_x=&#8220;0&#8243; shift_y=&#8220;0&#8243; shift_y_down=&#8220;0&#8243; z_index=&#8220;0&#8243; medium_width=&#8220;0&#8243; mobile_width=&#8220;0&#8243; width=&#8220;2\/3&#8243;][vc_column_text]Die Kosten je Webinar\/Teilnehmer betragen<strong> 49,00 Euro.<\/strong>\r\n\r\nInteresse? Buchen Sie Ihre Termine hier. <b>E-Mail:<\/b><a href=\"mailto:info@bueser-akademie.de\"> info@bueser-akademie.de<\/a>[\/vc_column_text][\/vc_column][vc_column width=&#8220;1\/3&#8243;][vc_button button_color=&#8220;color-169240&#8243; hover_fx=&#8220;full-colored&#8220; border_width=&#8220;0&#8243; link=&#8220;url:https%3A%2F%2Fbueser-akademie.com%2Findex.php%2Fwebinare_termin_2%2F|title:webinare_termin_2||&#8220;]Weitere Termine[\/vc_button][\/vc_column][\/vc_row][vc_row][vc_column width=&#8220;1\/1&#8243;][\/vc_column][\/vc_row]","protected":false},"excerpt":{"rendered":"<p>[vc_row row_height_percent=&#8220;23&#8243; overlay_alpha=&#8220;50&#8243; gutter_size=&#8220;3&#8243; column_width_percent=&#8220;100&#8243; shift_y=&#8220;0&#8243; z_index=&#8220;0&#8243;][vc_column column_width_percent=&#8220;100&#8243; gutter_size=&#8220;3&#8243; font_family=&#8220;font-275683&#8243; overlay_alpha=&#8220;50&#8243; shift_x=&#8220;0&#8243; shift_y=&#8220;0&#8243; shift_y_down=&#8220;0&#8243; z_index=&#8220;0&#8243; medium_width=&#8220;0&#8243; mobile_width=&#8220;0&#8243; width=&#8220;1\/1&#8243;][vc_custom_heading heading_semantic=&#8220;h3&#8243; text_size=&#8220;&#8220; [&hellip;]<\/p>\n","protected":false},"author":4,"featured_media":0,"parent":0,"menu_order":0,"comment_status":"closed","ping_status":"closed","template":"","meta":[],"_links":{"self":[{"href":"https:\/\/bueser-akademie.com\/index.php\/wp-json\/wp\/v2\/pages\/1747"}],"collection":[{"href":"https:\/\/bueser-akademie.com\/index.php\/wp-json\/wp\/v2\/pages"}],"about":[{"href":"https:\/\/bueser-akademie.com\/index.php\/wp-json\/wp\/v2\/types\/page"}],"author":[{"embeddable":true,"href":"https:\/\/bueser-akademie.com\/index.php\/wp-json\/wp\/v2\/users\/4"}],"replies":[{"embeddable":true,"href":"https:\/\/bueser-akademie.com\/index.php\/wp-json\/wp\/v2\/comments?post=1747"}],"version-history":[{"count":155,"href":"https:\/\/bueser-akademie.com\/index.php\/wp-json\/wp\/v2\/pages\/1747\/revisions"}],"predecessor-version":[{"id":2871,"href":"https:\/\/bueser-akademie.com\/index.php\/wp-json\/wp\/v2\/pages\/1747\/revisions\/2871"}],"wp:attachment":[{"href":"https:\/\/bueser-akademie.com\/index.php\/wp-json\/wp\/v2\/media?parent=1747"}],"curies":[{"name":"wp","href":"https:\/\/api.w.org\/{rel}","templated":true}]}}