{"id":1914,"date":"2020-07-07T12:32:42","date_gmt":"2020-07-07T11:32:42","guid":{"rendered":"https:\/\/bueser-akademie.com\/?page_id=1914"},"modified":"2020-07-07T15:36:38","modified_gmt":"2020-07-07T14:36:38","slug":"agiles-projektmanagement","status":"publish","type":"page","link":"https:\/\/bueser-akademie.com\/index.php\/agiles-projektmanagement\/","title":{"rendered":"Web_Agiles Projektmanagement"},"content":{"rendered":"[vc_row][vc_column width=&#8220;1\/1&#8243;][vc_custom_heading heading_semantic=&#8220;h1&#8243; text_size=&#8220;h3&#8243; text_color=&#8220;color-169240&#8243;]<strong>Agiles Projektmanagement in der Praxis<\/strong>[\/vc_custom_heading][\/vc_column][\/vc_row][vc_row row_height_percent=&#8220;61&#8243; overlay_alpha=&#8220;50&#8243; gutter_size=&#8220;3&#8243; column_width_percent=&#8220;100&#8243; shift_y=&#8220;0&#8243; z_index=&#8220;0&#8243;][vc_column column_width_percent=&#8220;100&#8243; gutter_size=&#8220;3&#8243; overlay_alpha=&#8220;50&#8243; shift_x=&#8220;0&#8243; shift_y=&#8220;-2&#8243; shift_y_down=&#8220;0&#8243; z_index=&#8220;0&#8243; medium_width=&#8220;0&#8243; mobile_width=&#8220;0&#8243; width=&#8220;1\/1&#8243;][vc_column_text]<span style=\"font-size: 12pt;\"><strong>Thema\r\n<\/strong><\/span>Agiles Projektmanagement in der Praxis ist die Antwort auf Projekte mit unklaren L\u00f6sungswegen und wechselnden Zielen. Die Teilnehmer lernen Projekte erfolgreich abzuschlie\u00dfen, auch wenn unerwartete \u00c4nderungen auftreten oder von vornherein klar ist, dass den Auftraggebern und dem Projektteam erst im Laufe des Projektes die Ziele und L\u00f6sungen allm\u00e4hlich klar werden.\r\n\r\n<strong><span style=\"font-size: 12pt;\">Lernziele\r\n<\/span><\/strong>Das Webinar vermittelt die wesentlichen Prinzipien und Tools des agilen Projektmanagements. Die Teilnehmer des Webinars lernen:\r\n<ol>\r\n \t<li>\u00a0Was ist agiles Projektmanagement?<\/li>\r\n \t<li>\u00a0F\u00fcr welche Praxisf\u00e4lle ist die Verwendung von agilem Projektmanagement sinnvoll?<\/li>\r\n \t<li>\u00a0Welche Rollen gibt es in einem agilen Projekt?<\/li>\r\n \t<li>\u00a0Was ist der typische Ablauf eines agilen Projekts?<\/li>\r\n \t<li>\u00a0Welche Praxis-Tools gibt es f\u00fcr agiles Projektmanagement?<\/li>\r\n \t<li>\u00a0Welche typischen Probleme und praktische Tipps gibt es f\u00fcr agiles Projektmanagement?<\/li>\r\n<\/ol>\r\n<span style=\"font-size: 12pt;\"><strong>Methode\r\n<\/strong><\/span>Das Webinar ist auf eine Stunde und f\u00fcr maximal 12 Teilnehmer ausgelegt. Dadurch ist eine sinnvolle Interaktion zwischen den Teilnehmern und dem Trainer m\u00f6glich.\r\n\r\nUm die individuellen Teilnehmerinteressen noch besser zu ber\u00fccksichtigen, wird <em>vor dem Webinar<\/em> eine Kurzbefragung der Teilnehmer (ca. 12 Kernfragen) durchhgef\u00fchrt. <em>Direkt im Anschluss<\/em> bietet der Trainer eine \u201eDigitale Sprechstunde\u201c von ca. 20 Minuten an.\r\n\r\nErfahrungswerte zeigen, dass durch die Vorabfragen und die Sprechstunde alle relevanten Fragen und Probleme besprochen und gel\u00f6st werden k\u00f6nnen. Beim Thema \u201eAgiles Projektmanagement\u201c ist dieses Vorgehen f\u00fcr die Teilnehmer sehr vorteilhaft.[\/vc_column_text][\/vc_column][\/vc_row][vc_row][vc_column width=&#8220;1\/1&#8243;][vc_single_image media=&#8220;1032&#8243; media_width_percent=&#8220;100&#8243;][\/vc_column][\/vc_row]","protected":false},"excerpt":{"rendered":"<p>[vc_row][vc_column width=&#8220;1\/1&#8243;][vc_custom_heading heading_semantic=&#8220;h1&#8243; text_size=&#8220;h3&#8243; text_color=&#8220;color-169240&#8243;]Agiles Projektmanagement in der Praxis[\/vc_custom_heading][\/vc_column][\/vc_row][vc_row row_height_percent=&#8220;61&#8243; overlay_alpha=&#8220;50&#8243; gutter_size=&#8220;3&#8243; column_width_percent=&#8220;100&#8243; shift_y=&#8220;0&#8243; z_index=&#8220;0&#8243;][vc_column column_width_percent=&#8220;100&#8243; gutter_size=&#8220;3&#8243; overlay_alpha=&#8220;50&#8243; shift_x=&#8220;0&#8243; shift_y=&#8220;-2&#8243; [&hellip;]<\/p>\n","protected":false},"author":4,"featured_media":0,"parent":0,"menu_order":0,"comment_status":"closed","ping_status":"closed","template":"","meta":[],"_links":{"self":[{"href":"https:\/\/bueser-akademie.com\/index.php\/wp-json\/wp\/v2\/pages\/1914"}],"collection":[{"href":"https:\/\/bueser-akademie.com\/index.php\/wp-json\/wp\/v2\/pages"}],"about":[{"href":"https:\/\/bueser-akademie.com\/index.php\/wp-json\/wp\/v2\/types\/page"}],"author":[{"embeddable":true,"href":"https:\/\/bueser-akademie.com\/index.php\/wp-json\/wp\/v2\/users\/4"}],"replies":[{"embeddable":true,"href":"https:\/\/bueser-akademie.com\/index.php\/wp-json\/wp\/v2\/comments?post=1914"}],"version-history":[{"count":14,"href":"https:\/\/bueser-akademie.com\/index.php\/wp-json\/wp\/v2\/pages\/1914\/revisions"}],"predecessor-version":[{"id":1964,"href":"https:\/\/bueser-akademie.com\/index.php\/wp-json\/wp\/v2\/pages\/1914\/revisions\/1964"}],"wp:attachment":[{"href":"https:\/\/bueser-akademie.com\/index.php\/wp-json\/wp\/v2\/media?parent=1914"}],"curies":[{"name":"wp","href":"https:\/\/api.w.org\/{rel}","templated":true}]}}