{"id":1994,"date":"2020-07-07T15:02:56","date_gmt":"2020-07-07T14:02:56","guid":{"rendered":"https:\/\/bueser-akademie.com\/?page_id=1994"},"modified":"2020-07-09T08:31:39","modified_gmt":"2020-07-09T07:31:39","slug":"web_staerke-orientierun","status":"publish","type":"page","link":"https:\/\/bueser-akademie.com\/index.php\/web_staerke-orientierun\/","title":{"rendered":"Web_Staerke-Orientierung"},"content":{"rendered":"[vc_row][vc_column width=&#8220;1\/1&#8243;][vc_custom_heading heading_semantic=&#8220;h1&#8243; text_size=&#8220;h3&#8243; text_color=&#8220;color-169240&#8243;]<strong>St\u00e4rke-Orientierung \u2013 der Schl\u00fcssel zur erfolgreichen Karriere<\/strong>[\/vc_custom_heading][\/vc_column][\/vc_row][vc_row row_height_percent=&#8220;61&#8243; overlay_alpha=&#8220;50&#8243; gutter_size=&#8220;3&#8243; column_width_percent=&#8220;100&#8243; shift_y=&#8220;0&#8243; z_index=&#8220;0&#8243;][vc_column column_width_percent=&#8220;100&#8243; gutter_size=&#8220;3&#8243; overlay_alpha=&#8220;50&#8243; shift_x=&#8220;0&#8243; shift_y=&#8220;-2&#8243; shift_y_down=&#8220;0&#8243; z_index=&#8220;0&#8243; medium_width=&#8220;0&#8243; mobile_width=&#8220;0&#8243; width=&#8220;1\/1&#8243;][vc_column_text]<span style=\"font-size: 12pt;\"><strong>Thema\r\n<\/strong><\/span>Love it, change it or leave it. Viele Menschen sind mit Ihrem Arbeitsleben nur m\u00e4\u00dfig zufrieden, haben sich in ihren Nischen eingerichtet und leisten Durchschnittliches. Es fehlt die Auseinandersetzung mit den eigenen St\u00e4rken, d. h. der Schnittmen-ge eigener Werte, Interessen und Kompetenzen, die einen Neustart erm\u00f6glichen in eine T\u00e4tigkeit mit Esprit und pers\u00f6nli-cher Identifikation.\r\n\r\n<strong><span style=\"font-size: 12pt;\">Lernziele\r\n<\/span><\/strong>Das Webinar vermittelt den Zugang zur Reflexion mit den eigenen St\u00e4rken und den Schritten f\u00fcr einen Neustart in eine passendere Karriere.\r\n\r\nDie Teilnehmer des Webinars lernen:\r\n<ol>\r\n \t<li>Was hei\u00dft St\u00e4rke-Orientierung?<\/li>\r\n \t<li>Die Reflexion von Werten und Interessen.<\/li>\r\n \t<li>Eigene Kompetenzen und Talente entdecken.<\/li>\r\n \t<li>Merkmale einer optimalen T\u00e4tigkeit\/Karriere.<\/li>\r\n \t<li>Praxis-Tools zur Selbstreflexion<\/li>\r\n \t<li>\u00dcberwindung und \u201ePreisberechnung\u201c beim \u00dcbergang in eine neue Karriere<\/li>\r\n<\/ol>\r\n<span style=\"font-size: 12pt;\"><strong>Methode\r\n<\/strong><\/span>Das Webinar ist auf eine Stunde und f\u00fcr maximal 12 Teilnehmer ausgelegt. Dadurch ist eine sinnvolle Interaktion zwischen den Teilnehmern und dem Trainer m\u00f6glich.\r\n\r\nUm die individuellen Teilnehmerinteressen noch besser zu ber\u00fccksichtigen, wird <em>vor dem Webinar<\/em> eine Kurzbefragung der Teilnehmer (ca. 12 Kernfragen) durchgef\u00fchrt. <em>Direkt im Anschluss<\/em> bietet der Trainer eine \u201eDigitale Sprechstunde\u201c von ca. 20 Minuten an.\r\n\r\nErfahrungswerte zeigen, dass durch die Vorabfragen und die Sprechstunde alle relevanten Fragen und Probleme besprochen und gel\u00f6st werden k\u00f6nnen. Beim Thema \u201eSt\u00e4rke-Orientierung\u201c ist dieses Vorgehen f\u00fcr die Teilnehmer sehr vorteilhaft.[\/vc_column_text][\/vc_column][\/vc_row][vc_row][vc_column width=&#8220;1\/1&#8243;][vc_single_image media=&#8220;1032&#8243; media_width_percent=&#8220;100&#8243;][\/vc_column][\/vc_row]","protected":false},"excerpt":{"rendered":"<p>[vc_row][vc_column width=&#8220;1\/1&#8243;][vc_custom_heading heading_semantic=&#8220;h1&#8243; text_size=&#8220;h3&#8243; text_color=&#8220;color-169240&#8243;]St\u00e4rke-Orientierung \u2013 der Schl\u00fcssel zur erfolgreichen Karriere[\/vc_custom_heading][\/vc_column][\/vc_row][vc_row row_height_percent=&#8220;61&#8243; overlay_alpha=&#8220;50&#8243; gutter_size=&#8220;3&#8243; column_width_percent=&#8220;100&#8243; shift_y=&#8220;0&#8243; z_index=&#8220;0&#8243;][vc_column column_width_percent=&#8220;100&#8243; gutter_size=&#8220;3&#8243; overlay_alpha=&#8220;50&#8243; [&hellip;]<\/p>\n","protected":false},"author":4,"featured_media":0,"parent":0,"menu_order":0,"comment_status":"closed","ping_status":"closed","template":"","meta":[],"_links":{"self":[{"href":"https:\/\/bueser-akademie.com\/index.php\/wp-json\/wp\/v2\/pages\/1994"}],"collection":[{"href":"https:\/\/bueser-akademie.com\/index.php\/wp-json\/wp\/v2\/pages"}],"about":[{"href":"https:\/\/bueser-akademie.com\/index.php\/wp-json\/wp\/v2\/types\/page"}],"author":[{"embeddable":true,"href":"https:\/\/bueser-akademie.com\/index.php\/wp-json\/wp\/v2\/users\/4"}],"replies":[{"embeddable":true,"href":"https:\/\/bueser-akademie.com\/index.php\/wp-json\/wp\/v2\/comments?post=1994"}],"version-history":[{"count":5,"href":"https:\/\/bueser-akademie.com\/index.php\/wp-json\/wp\/v2\/pages\/1994\/revisions"}],"predecessor-version":[{"id":2023,"href":"https:\/\/bueser-akademie.com\/index.php\/wp-json\/wp\/v2\/pages\/1994\/revisions\/2023"}],"wp:attachment":[{"href":"https:\/\/bueser-akademie.com\/index.php\/wp-json\/wp\/v2\/media?parent=1994"}],"curies":[{"name":"wp","href":"https:\/\/api.w.org\/{rel}","templated":true}]}}