{"id":263,"date":"2020-02-07T09:49:03","date_gmt":"2020-02-07T08:49:03","guid":{"rendered":"https:\/\/bueser-akademie.com\/?page_id=263"},"modified":"2020-07-24T10:48:22","modified_gmt":"2020-07-24T09:48:22","slug":"coaching","status":"publish","type":"page","link":"https:\/\/bueser-akademie.com\/index.php\/coaching\/","title":{"rendered":"Coaching"},"content":{"rendered":"[vc_row][vc_column width=&#8220;1\/1&#8243;][vc_column_text]\r\n<div class=\"uncode_text_column\">\r\n\r\n<strong>Coaching<\/strong> ist kein Geheimnis, aber ein verschwiegenes Gesch\u00e4ft. Auf Anfrage geben wir Ihnen die M\u00f6glichkeit, unsere Auftraggeber nach ihren Erfahrungen mit uns zu befragen.\r\n\r\nWir garantieren Ihnen Coaches mit erstklassiger Ausbildung und langj\u00e4hriger Erfahrung. Wir begegnen Ihnen vertrauensvoll auf Augenh\u00f6he als kompetenter Sparringspartner und erarbeiten mit Ihnen praktikable L\u00f6sungen. Wir sind wertvoll insbesondere dann, wenn Sie in Ihrem Unternehmen keine kompetenten Ansprechpartner ohne Eigeninteresse haben.<a href=\"https:\/\/bueser-akademie.com\/index.php\/kontakt\/\"> Sprechen Sie uns an.<\/a>\r\n\r\nWir unterscheiden <strong>Business-Coaching<\/strong> und <strong>Therapie<\/strong>.\r\n\r\n<strong>Business-Coaching<\/strong> richtet sich an Personen, die sich in problematischen oder herausfordernden Situationen befinden und\/oder einen individuellen Entwicklungsbedarf haben.\r\n\r\nTypische Beispiele f\u00fcr Business-Coaching sind:\r\n<ul>\r\n \t<li>\u00dcbernahme einer neuen Aufgabe bzw. einer neuen Situation<\/li>\r\n \t<li>Unternehmensnachfolge<\/li>\r\n \t<li>Konflikte mit Kollegen oder Mitarbeitern<\/li>\r\n \t<li>Mikropolitik, Machtk\u00e4mpfe und Ausgrenzung<\/li>\r\n \t<li>Kl\u00e4rung von pers\u00f6nlichen Zielen und Karriere<\/li>\r\n \t<li>Unterst\u00fctzung bei gro\u00dfen\/schwierigen Projekten<\/li>\r\n \t<li>Unterst\u00fctzung bei der Verbesserung von Ergebnissen des eigenen Verantwortungsbereichs (bei Linienverantwortung)<\/li>\r\n \t<li>Beratung bei gro\u00dfen Change-Prozessen, bspw. Widerst\u00e4nde bei Ver\u00e4nderungen<\/li>\r\n \t<li>und viele Themen mehr \u2026<\/li>\r\n<\/ul>\r\nUnser Angebot richtet sich an alle Ebenen vom Spezialisten, Teamleiter bis zum Gesch\u00e4ftsf\u00fchrer, Vorstand oder Inhaber.\r\n\r\n<strong>Therapie<\/strong> richtet sich an Personen mit Problemen der Pers\u00f6nlichkeit, welche die F\u00e4higkeit zur eigenst\u00e4ndigen L\u00f6sungsfindung blockieren wie Wiederholungszw\u00e4nge, \u00c4ngste, Wahrnehmungsverzerrung, Wahnvorstellungen, psychosomatische St\u00f6rungen usw. Sie f\u00fchren zu psychischen Krankheitsbildern im Sinne der Internationalen Klassifikation von Krankheiten (ICD 10, Kap. V). F\u00fcr solche F\u00e4lle steht uns mit <a href=\"https:\/\/bueser-akademie.com\/index.php\/experten\/\">Claudia Spandl eine erfahrene Psychotherapeutin<\/a> zur Verf\u00fcgung.\r\n\r\n<\/div>\r\n[\/vc_column_text][vc_single_image media=&#8220;87&#8243; media_width_percent=&#8220;100&#8243;][\/vc_column][\/vc_row]","protected":false},"excerpt":{"rendered":"<p>[vc_row][vc_column width=&#8220;1\/1&#8243;][vc_column_text] Coaching ist kein Geheimnis, aber ein verschwiegenes Gesch\u00e4ft. Auf Anfrage geben wir Ihnen die M\u00f6glichkeit, unsere Auftraggeber nach [&hellip;]<\/p>\n","protected":false},"author":2,"featured_media":0,"parent":0,"menu_order":0,"comment_status":"closed","ping_status":"closed","template":"","meta":[],"_links":{"self":[{"href":"https:\/\/bueser-akademie.com\/index.php\/wp-json\/wp\/v2\/pages\/263"}],"collection":[{"href":"https:\/\/bueser-akademie.com\/index.php\/wp-json\/wp\/v2\/pages"}],"about":[{"href":"https:\/\/bueser-akademie.com\/index.php\/wp-json\/wp\/v2\/types\/page"}],"author":[{"embeddable":true,"href":"https:\/\/bueser-akademie.com\/index.php\/wp-json\/wp\/v2\/users\/2"}],"replies":[{"embeddable":true,"href":"https:\/\/bueser-akademie.com\/index.php\/wp-json\/wp\/v2\/comments?post=263"}],"version-history":[{"count":10,"href":"https:\/\/bueser-akademie.com\/index.php\/wp-json\/wp\/v2\/pages\/263\/revisions"}],"predecessor-version":[{"id":2520,"href":"https:\/\/bueser-akademie.com\/index.php\/wp-json\/wp\/v2\/pages\/263\/revisions\/2520"}],"wp:attachment":[{"href":"https:\/\/bueser-akademie.com\/index.php\/wp-json\/wp\/v2\/media?parent=263"}],"curies":[{"name":"wp","href":"https:\/\/api.w.org\/{rel}","templated":true}]}}