{"id":2634,"date":"2020-07-28T11:48:11","date_gmt":"2020-07-28T10:48:11","guid":{"rendered":"https:\/\/bueser-akademie.com\/?page_id=2634"},"modified":"2020-09-11T09:35:22","modified_gmt":"2020-09-11T08:35:22","slug":"learning-suite_start_2","status":"publish","type":"page","link":"https:\/\/bueser-akademie.com\/index.php\/learning-suite_start_2\/","title":{"rendered":"Learning-Suite_Start"},"content":{"rendered":"<p>[vc_row row_height_percent=&#8220;0&#8243; overlay_alpha=&#8220;50&#8243; gutter_size=&#8220;3&#8243; column_width_percent=&#8220;100&#8243; shift_y=&#8220;0&#8243; z_index=&#8220;0&#8243;][vc_column column_width_percent=&#8220;100&#8243; gutter_size=&#8220;3&#8243; overlay_alpha=&#8220;50&#8243; shift_x=&#8220;0&#8243; shift_y=&#8220;-2&#8243; shift_y_down=&#8220;0&#8243; z_index=&#8220;0&#8243; medium_width=&#8220;0&#8243; mobile_width=&#8220;0&#8243; width=&#8220;1\/1&#8243;][vc_custom_heading text_size=&#8220;h4&#8243; text_color=&#8220;color-172567&#8243;]<\/p>\n<h2><span style=\"font-family: Open Sans;\"><strong>WBT-Reihe \u201eDigitalisierung\u201c<\/strong><\/span><\/h2>\n<p>[\/vc_custom_heading][\/vc_column][\/vc_row][vc_row][vc_column column_width_percent=&#8220;100&#8243; gutter_size=&#8220;3&#8243; overlay_alpha=&#8220;50&#8243; shift_x=&#8220;0&#8243; shift_y=&#8220;-2&#8243; shift_y_down=&#8220;0&#8243; z_index=&#8220;0&#8243; medium_width=&#8220;0&#8243; mobile_width=&#8220;0&#8243; width=&#8220;1\/1&#8243;][vc_single_image media=&#8220;2186&#8243; media_width_percent=&#8220;100&#8243;][\/vc_column][\/vc_row][vc_row row_height_percent=&#8220;0&#8243; override_padding=&#8220;yes&#8220; h_padding=&#8220;2&#8243; top_padding=&#8220;2&#8243; bottom_padding=&#8220;2&#8243; overlay_alpha=&#8220;50&#8243; gutter_size=&#8220;3&#8243; column_width_percent=&#8220;100&#8243; shift_y=&#8220;0&#8243; z_index=&#8220;0&#8243;][vc_column column_width_percent=&#8220;100&#8243; gutter_size=&#8220;3&#8243; overlay_alpha=&#8220;50&#8243; shift_x=&#8220;0&#8243; shift_y=&#8220;-2&#8243; shift_y_down=&#8220;0&#8243; z_index=&#8220;0&#8243; medium_width=&#8220;0&#8243; mobile_width=&#8220;0&#8243; width=&#8220;5\/6&#8243;][vc_column_text]Die zum Ende des 20. Jahrhunderts eingeleitete Digitale Revolution steht durch zunehmende Digitalisierung fr\u00fcherer analoger Techniken und der Integration cyberphysischer Systeme f\u00fcr einen radikalen, nie dagewesenen Umbruch in nahezu allen Bereichen wie Wirtschafts- und Arbeitswelt, \u00d6ffentlichkeit bis hinein ins Privatleben.<\/p>\n<p>Riesige Datenmengen (\u201eBig Data\u201c), neue Kommunikationsformen und vor allem K\u00fcnstliche Intelligenz (KI) als Basis f\u00fcr das Internet of Things er\u00f6ffnen v\u00f6llig neue M\u00f6glichkeiten.<\/p>\n<p>Der digitale Wandel wird die Welt ver\u00e4ndern wie wahrscheinlich nie eine Entwicklung zuvor. Alle Bev\u00f6lkerungsgruppen, national wie international, sind betroffen.<\/p>\n<p>Die WBT*-Reihe \u201eDigitalisierung\u201c vermittelt nicht nur Wissen, um \u201emitreden zu k\u00f6nnen\u201c, sondern sensibilisiert Sie auch f\u00fcr die anstehenden Ver\u00e4nderungen, nimmt Ihnen Ber\u00fchrungs\u00e4ngste und soll Sie zu neuen Denkweisen ermutigen.[\/vc_column_text][\/vc_column][\/vc_row][vc_row row_height_percent=&#8220;0&#8243; overlay_alpha=&#8220;50&#8243; gutter_size=&#8220;3&#8243; column_width_percent=&#8220;100&#8243; shift_y=&#8220;0&#8243; z_index=&#8220;0&#8243;][vc_column column_width_percent=&#8220;100&#8243; gutter_size=&#8220;3&#8243; overlay_alpha=&#8220;50&#8243; shift_x=&#8220;0&#8243; shift_y=&#8220;-2&#8243; shift_y_down=&#8220;0&#8243; z_index=&#8220;0&#8243; medium_width=&#8220;0&#8243; mobile_width=&#8220;0&#8243; width=&#8220;1\/1&#8243;][vc_custom_heading text_size=&#8220;h4&#8243; text_color=&#8220;color-172567&#8243;]<\/p>\n<h2 class=\"title-heading-left fusion-responsive-typography-calculated\" data-fontsize=\"34\" data-lineheight=\"49.98px\"><strong><span class=\"font-275683\">Inhalte:<\/span><\/strong><\/h2>\n<p><span style=\"font-size: 12pt;\">Der Inhalt ist wie folgt gegliedert:<\/span>[\/vc_custom_heading][\/vc_column][\/vc_row][vc_row row_height_percent=&#8220;0&#8243; overlay_alpha=&#8220;50&#8243; gutter_size=&#8220;2&#8243; column_width_percent=&#8220;100&#8243; shift_y=&#8220;-1&#8243; z_index=&#8220;0&#8243; css=&#8220;.vc_custom_1595934141927{margin-top: 45px !important;margin-bottom: 0px !important;}&#8220;][vc_column column_width_percent=&#8220;85&#8243; align_horizontal=&#8220;align_center&#8220; gutter_size=&#8220;3&#8243; overlay_alpha=&#8220;50&#8243; shift_x=&#8220;0&#8243; shift_y=&#8220;-3&#8243; shift_y_down=&#8220;0&#8243; z_index=&#8220;0&#8243; medium_width=&#8220;0&#8243; mobile_width=&#8220;0&#8243; width=&#8220;1\/3&#8243;][vc_column_text]<\/p>\n<h3><a href=\"https:\/\/bueser-akademie.com\/index.php\/digitalisierung-grundlagen_v2\/\"><img class=\"alignnone size-medium wp-image-2201\" src=\"https:\/\/bueser-akademie.com\/wp-content\/uploads\/2020\/07\/temp_grundlagen-1-300x124.jpg\" alt=\"\" width=\"300\" height=\"124\" srcset=\"https:\/\/bueser-akademie.com\/wp-content\/uploads\/2020\/07\/temp_grundlagen-1-300x124.jpg 300w, https:\/\/bueser-akademie.com\/wp-content\/uploads\/2020\/07\/temp_grundlagen-1.jpg 371w\" sizes=\"(max-width: 300px) 100vw, 300px\" \/><\/a><br \/>\n<a href=\"https:\/\/bueser-akademie.com\/index.php\/digitalisierung-grundlagen_v2\/\">Grundlagen<\/a><\/h3>\n<p>[\/vc_column_text][\/vc_column][vc_column column_width_percent=&#8220;85&#8243; align_horizontal=&#8220;align_center&#8220; gutter_size=&#8220;3&#8243; overlay_alpha=&#8220;50&#8243; shift_x=&#8220;0&#8243; shift_y=&#8220;-3&#8243; shift_y_down=&#8220;0&#8243; z_index=&#8220;0&#8243; medium_width=&#8220;0&#8243; mobile_width=&#8220;0&#8243; width=&#8220;1\/3&#8243;][vc_column_text]<\/p>\n<h3><a href=\"https:\/\/bueser-akademie.com\/index.php\/digitalisierung-digitaltechnologien\/\"><img class=\"alignnone size-medium wp-image-2196\" src=\"https:\/\/bueser-akademie.com\/wp-content\/uploads\/2020\/07\/temp_digitechnoogie-300x124.jpg\" alt=\"\" width=\"300\" height=\"124\" srcset=\"https:\/\/bueser-akademie.com\/wp-content\/uploads\/2020\/07\/temp_digitechnoogie-300x124.jpg 300w, https:\/\/bueser-akademie.com\/wp-content\/uploads\/2020\/07\/temp_digitechnoogie.jpg 371w\" sizes=\"(max-width: 300px) 100vw, 300px\" \/><\/a><br \/>\n<a href=\"https:\/\/bueser-akademie.com\/index.php\/digitalisierung-digitaltechnologien\/\">Digitaltechnologien<\/a><\/h3>\n<p>[\/vc_column_text][\/vc_column][vc_column column_width_percent=&#8220;85&#8243; align_horizontal=&#8220;align_center&#8220; gutter_size=&#8220;3&#8243; overlay_alpha=&#8220;50&#8243; shift_x=&#8220;0&#8243; shift_y=&#8220;-3&#8243; shift_y_down=&#8220;0&#8243; z_index=&#8220;0&#8243; medium_width=&#8220;0&#8243; mobile_width=&#8220;0&#8243; width=&#8220;1\/3&#8243;][vc_column_text]<\/p>\n<h3><a href=\"https:\/\/bueser-akademie.com\/index.php\/digitalisierung-datenverstaendnis\/\"><img class=\"alignnone size-medium wp-image-2193\" src=\"https:\/\/bueser-akademie.com\/wp-content\/uploads\/2020\/07\/temp_Datenverstandniss-300x124.jpg\" alt=\"\" width=\"300\" height=\"124\" srcset=\"https:\/\/bueser-akademie.com\/wp-content\/uploads\/2020\/07\/temp_Datenverstandniss-300x124.jpg 300w, https:\/\/bueser-akademie.com\/wp-content\/uploads\/2020\/07\/temp_Datenverstandniss.jpg 371w\" sizes=\"(max-width: 300px) 100vw, 300px\" \/><\/a><br \/>\n<a href=\"https:\/\/bueser-akademie.com\/index.php\/digitalisierung-datenverstaendnis\/\">Datenverst\u00e4ndnis<\/a><\/h3>\n<p>[\/vc_column_text][\/vc_column][\/vc_row][vc_row row_height_percent=&#8220;0&#8243; overlay_alpha=&#8220;50&#8243; gutter_size=&#8220;2&#8243; column_width_percent=&#8220;100&#8243; shift_y=&#8220;0&#8243; z_index=&#8220;0&#8243; css=&#8220;.vc_custom_1594899291977{margin-top: 20px !important;margin-bottom: 0px !important;}&#8220;][vc_column column_width_percent=&#8220;85&#8243; align_horizontal=&#8220;align_center&#8220; gutter_size=&#8220;3&#8243; overlay_alpha=&#8220;50&#8243; shift_x=&#8220;0&#8243; shift_y=&#8220;-2&#8243; shift_y_down=&#8220;0&#8243; z_index=&#8220;0&#8243; medium_width=&#8220;0&#8243; mobile_width=&#8220;0&#8243; width=&#8220;1\/3&#8243;][vc_column_text]<\/p>\n<h3><a href=\"https:\/\/bueser-akademie.com\/index.php\/digitalisierung-digital-working\/\"><img class=\"alignnone size-medium wp-image-2200\" src=\"https:\/\/bueser-akademie.com\/wp-content\/uploads\/2020\/07\/temp_Working-300x124.jpg\" alt=\"\" width=\"300\" height=\"124\" srcset=\"https:\/\/bueser-akademie.com\/wp-content\/uploads\/2020\/07\/temp_Working-300x124.jpg 300w, https:\/\/bueser-akademie.com\/wp-content\/uploads\/2020\/07\/temp_Working.jpg 371w\" sizes=\"(max-width: 300px) 100vw, 300px\" \/><\/a><br \/>\n<a href=\"https:\/\/bueser-akademie.com\/index.php\/digitalisierung-digitaltechnologien\/\">Digital Working<\/a><\/h3>\n<p>[\/vc_column_text][\/vc_column][vc_column column_width_percent=&#8220;85&#8243; align_horizontal=&#8220;align_center&#8220; gutter_size=&#8220;3&#8243; overlay_alpha=&#8220;50&#8243; shift_x=&#8220;0&#8243; shift_y=&#8220;-2&#8243; shift_y_down=&#8220;0&#8243; z_index=&#8220;0&#8243; medium_width=&#8220;0&#8243; mobile_width=&#8220;0&#8243; width=&#8220;1\/3&#8243;][vc_column_text]<\/p>\n<h3><a href=\"https:\/\/bueser-akademie.com\/index.php\/digitalisierung-digitale-medienkompetenz\/\"><img class=\"alignnone size-medium wp-image-2800\" src=\"https:\/\/bueser-akademie.com\/wp-content\/uploads\/2020\/08\/temp_Medienkom-1-300x124.jpg\" alt=\"\" width=\"300\" height=\"124\" srcset=\"https:\/\/bueser-akademie.com\/wp-content\/uploads\/2020\/08\/temp_Medienkom-1-300x124.jpg 300w, https:\/\/bueser-akademie.com\/wp-content\/uploads\/2020\/08\/temp_Medienkom-1.jpg 371w\" sizes=\"(max-width: 300px) 100vw, 300px\" \/><\/a><br \/>\n<a href=\"https:\/\/bueser-akademie.com\/index.php\/digitalisierung-digitale-medienkompetenz\/\">Digitale Medienkompetenz<\/a><\/h3>\n<p>[\/vc_column_text][\/vc_column][vc_column column_width_percent=&#8220;85&#8243; align_horizontal=&#8220;align_center&#8220; gutter_size=&#8220;3&#8243; overlay_alpha=&#8220;50&#8243; shift_x=&#8220;0&#8243; shift_y=&#8220;-2&#8243; shift_y_down=&#8220;0&#8243; z_index=&#8220;0&#8243; medium_width=&#8220;0&#8243; mobile_width=&#8220;0&#8243; width=&#8220;1\/3&#8243;][vc_column_text]<\/p>\n<h3><a href=\"https:\/\/bueser-akademie.com\/index.php\/digitalisierung-digitale-oekonomie\/\"><img class=\"alignnone size-medium wp-image-2194\" src=\"https:\/\/bueser-akademie.com\/wp-content\/uploads\/2020\/07\/temp_digi_oekonomie-300x124.jpg\" alt=\"\" width=\"300\" height=\"124\" srcset=\"https:\/\/bueser-akademie.com\/wp-content\/uploads\/2020\/07\/temp_digi_oekonomie-300x124.jpg 300w, https:\/\/bueser-akademie.com\/wp-content\/uploads\/2020\/07\/temp_digi_oekonomie.jpg 371w\" sizes=\"(max-width: 300px) 100vw, 300px\" \/><\/a><br \/>\n<a href=\"https:\/\/bueser-akademie.com\/index.php\/digitalisierung-digitale-oekonomie\/\">Digitale \u00d6konomie<\/a><\/h3>\n<p>[\/vc_column_text][\/vc_column][\/vc_row][vc_row row_height_percent=&#8220;0&#8243; overlay_alpha=&#8220;50&#8243; gutter_size=&#8220;0&#8243; column_width_percent=&#8220;100&#8243; shift_y=&#8220;0&#8243; z_index=&#8220;0&#8243; css=&#8220;.vc_custom_1595934494077{margin-top: 45px !important;margin-bottom: 0px !important;}&#8220;][vc_column column_width_percent=&#8220;85&#8243; align_horizontal=&#8220;align_center&#8220; gutter_size=&#8220;3&#8243; overlay_alpha=&#8220;50&#8243; shift_x=&#8220;0&#8243; shift_y=&#8220;-3&#8243; shift_y_down=&#8220;0&#8243; z_index=&#8220;0&#8243; medium_width=&#8220;0&#8243; mobile_width=&#8220;0&#8243; width=&#8220;1\/3&#8243;][vc_column_text]<\/p>\n<h3 style=\"text-align: center;\"><a href=\"https:\/\/bueser-akademie.com\/index.php\/digitalisierung-block\/\"><img class=\"alignnone size-medium wp-image-2192\" src=\"https:\/\/bueser-akademie.com\/wp-content\/uploads\/2020\/07\/temp_Blockchinc-300x124.jpg\" alt=\"\" width=\"300\" height=\"124\" srcset=\"https:\/\/bueser-akademie.com\/wp-content\/uploads\/2020\/07\/temp_Blockchinc-300x124.jpg 300w, https:\/\/bueser-akademie.com\/wp-content\/uploads\/2020\/07\/temp_Blockchinc.jpg 371w\" sizes=\"(max-width: 300px) 100vw, 300px\" \/><\/a><br \/>\n<a href=\"https:\/\/bueser-akademie.com\/index.php\/digitalisierung-block\/\">Blockchain-Technologie<\/a><\/h3>\n<p>[\/vc_column_text][\/vc_column][vc_column column_width_percent=&#8220;85&#8243; align_horizontal=&#8220;align_center&#8220; gutter_size=&#8220;3&#8243; overlay_alpha=&#8220;50&#8243; shift_x=&#8220;0&#8243; shift_y=&#8220;-3&#8243; shift_y_down=&#8220;0&#8243; z_index=&#8220;0&#8243; medium_width=&#8220;0&#8243; mobile_width=&#8220;0&#8243; width=&#8220;1\/3&#8243;][vc_column_text]<\/p>\n<h3 style=\"text-align: center;\"><a href=\"https:\/\/bueser-akademie.com\/index.php\/digitalisierung-kuenstliche-intelligenz\/\"><img class=\"alignnone size-medium wp-image-2195\" src=\"https:\/\/bueser-akademie.com\/wp-content\/uploads\/2020\/07\/Temp_digital_KI-300x124.jpg\" alt=\"\" width=\"300\" height=\"124\" srcset=\"https:\/\/bueser-akademie.com\/wp-content\/uploads\/2020\/07\/Temp_digital_KI-300x124.jpg 300w, https:\/\/bueser-akademie.com\/wp-content\/uploads\/2020\/07\/Temp_digital_KI.jpg 371w\" sizes=\"(max-width: 300px) 100vw, 300px\" \/><\/a><br \/>\n<a href=\"https:\/\/bueser-akademie.com\/index.php\/digitalisierung-kuenstliche-intelligenz\/\">K\u00fcnstliche Intelligenz<\/a><\/h3>\n<p>[\/vc_column_text][\/vc_column][vc_column column_width_percent=&#8220;85&#8243; align_horizontal=&#8220;align_center&#8220; gutter_size=&#8220;3&#8243; overlay_alpha=&#8220;50&#8243; shift_x=&#8220;0&#8243; shift_y=&#8220;-3&#8243; shift_y_down=&#8220;0&#8243; z_index=&#8220;0&#8243; medium_width=&#8220;0&#8243; mobile_width=&#8220;0&#8243; width=&#8220;1\/3&#8243;][vc_column_text]<\/p>\n<h3><a href=\"https:\/\/bueser-akademie.com\/index.php\/digitalisierung-it-sicherheit-am-arbeitsplatz-2\/\"><img class=\"alignnone size-medium wp-image-2198\" src=\"https:\/\/bueser-akademie.com\/wp-content\/uploads\/2020\/07\/temp_itsicherheit-300x124.jpg\" alt=\"\" width=\"300\" height=\"124\" srcset=\"https:\/\/bueser-akademie.com\/wp-content\/uploads\/2020\/07\/temp_itsicherheit-300x124.jpg 300w, https:\/\/bueser-akademie.com\/wp-content\/uploads\/2020\/07\/temp_itsicherheit.jpg 371w\" sizes=\"(max-width: 300px) 100vw, 300px\" \/><\/a><br \/>\n<a href=\"https:\/\/bueser-akademie.com\/index.php\/digitalisierung-it-sicherheit-am-arbeitsplatz-2\/\">IT-Sicherheit am Arbeitsplatz<\/a><\/h3>\n<p>[\/vc_column_text][\/vc_column][\/vc_row]<\/p>\n","protected":false},"excerpt":{"rendered":"<p>[vc_row row_height_percent=&#8220;0&#8243; overlay_alpha=&#8220;50&#8243; gutter_size=&#8220;3&#8243; column_width_percent=&#8220;100&#8243; shift_y=&#8220;0&#8243; z_index=&#8220;0&#8243;][vc_column column_width_percent=&#8220;100&#8243; gutter_size=&#8220;3&#8243; overlay_alpha=&#8220;50&#8243; shift_x=&#8220;0&#8243; shift_y=&#8220;-2&#8243; shift_y_down=&#8220;0&#8243; z_index=&#8220;0&#8243; medium_width=&#8220;0&#8243; mobile_width=&#8220;0&#8243; width=&#8220;1\/1&#8243;][vc_custom_heading text_size=&#8220;h4&#8243; text_color=&#8220;color-172567&#8243;] WBT-Reihe [&hellip;]<\/p>\n","protected":false},"author":4,"featured_media":0,"parent":0,"menu_order":0,"comment_status":"closed","ping_status":"closed","template":"..\/public\/views\/revslider-page-template.php","meta":[],"_links":{"self":[{"href":"https:\/\/bueser-akademie.com\/index.php\/wp-json\/wp\/v2\/pages\/2634"}],"collection":[{"href":"https:\/\/bueser-akademie.com\/index.php\/wp-json\/wp\/v2\/pages"}],"about":[{"href":"https:\/\/bueser-akademie.com\/index.php\/wp-json\/wp\/v2\/types\/page"}],"author":[{"embeddable":true,"href":"https:\/\/bueser-akademie.com\/index.php\/wp-json\/wp\/v2\/users\/4"}],"replies":[{"embeddable":true,"href":"https:\/\/bueser-akademie.com\/index.php\/wp-json\/wp\/v2\/comments?post=2634"}],"version-history":[{"count":24,"href":"https:\/\/bueser-akademie.com\/index.php\/wp-json\/wp\/v2\/pages\/2634\/revisions"}],"predecessor-version":[{"id":2860,"href":"https:\/\/bueser-akademie.com\/index.php\/wp-json\/wp\/v2\/pages\/2634\/revisions\/2860"}],"wp:attachment":[{"href":"https:\/\/bueser-akademie.com\/index.php\/wp-json\/wp\/v2\/media?parent=2634"}],"curies":[{"name":"wp","href":"https:\/\/api.w.org\/{rel}","templated":true}]}}