{"id":2655,"date":"2020-07-28T13:24:52","date_gmt":"2020-07-28T12:24:52","guid":{"rendered":"https:\/\/bueser-akademie.com\/?page_id=2655"},"modified":"2020-08-25T09:41:49","modified_gmt":"2020-08-25T08:41:49","slug":"digitalisierung-digitale-medienkompetenz","status":"publish","type":"page","link":"https:\/\/bueser-akademie.com\/index.php\/digitalisierung-digitale-medienkompetenz\/","title":{"rendered":"Digitalisierung \u2013 Digitale Medienkompetenz"},"content":{"rendered":"<p>[vc_row][vc_column column_width_percent=&#8220;100&#8243; gutter_size=&#8220;3&#8243; overlay_alpha=&#8220;50&#8243; shift_x=&#8220;0&#8243; shift_y=&#8220;0&#8243; shift_y_down=&#8220;0&#8243; z_index=&#8220;0&#8243; medium_width=&#8220;0&#8243; mobile_width=&#8220;0&#8243; width=&#8220;1\/1&#8243;][vc_custom_heading text_color=&#8220;color-138194&#8243;]<span style=\"font-family: Open Sans;\"><strong><span style=\"font-size: 24pt;\">Digitalisierung \u2013 Digitale Medienkompetenz<\/span><\/strong><\/span>[\/vc_custom_heading][\/vc_column][\/vc_row][vc_row][vc_column column_width_percent=&#8220;100&#8243; gutter_size=&#8220;3&#8243; overlay_alpha=&#8220;50&#8243; shift_x=&#8220;0&#8243; shift_y=&#8220;-2&#8243; shift_y_down=&#8220;0&#8243; z_index=&#8220;0&#8243; medium_width=&#8220;0&#8243; mobile_width=&#8220;0&#8243; width=&#8220;1\/1&#8243;][vc_single_image media=&#8220;2807&#8243; media_width_percent=&#8220;100&#8243;][\/vc_column][\/vc_row][vc_row row_height_percent=&#8220;0&#8243; overlay_alpha=&#8220;50&#8243; gutter_size=&#8220;3&#8243; column_width_percent=&#8220;100&#8243; shift_y=&#8220;0&#8243; z_index=&#8220;0&#8243;][vc_column column_width_percent=&#8220;100&#8243; gutter_size=&#8220;3&#8243; overlay_alpha=&#8220;50&#8243; shift_x=&#8220;0&#8243; shift_y=&#8220;-2&#8243; shift_y_down=&#8220;0&#8243; z_index=&#8220;0&#8243; medium_width=&#8220;0&#8243; mobile_width=&#8220;0&#8243; width=&#8220;2\/3&#8243; css=&#8220;.vc_custom_1595925187840{padding-top: 6px !important;}&#8220;][vc_column_text]Die allgegenw\u00e4rtige Pr\u00e4senz von Informationen und deren Austausch erfordert vom User ein hohes Ma\u00df an Medienkompetenz. So stark wie noch nie bedienen sich Gruppen Medien und Informationen, um ihre wirtschaftlichen und politischen Interessen durchzusetzen. Dieses WBT schl\u00e4gt den Bogen von klassischen Definitionen zur Medienkompetenz in der heutigen Zeit.<\/p>\n<p><span style=\"font-family: Open Sans; font-size: 18pt;\"><strong>Inhalte:<br \/>\n<\/strong><\/span><span style=\"font-family: Open Sans; font-size: 12pt;\">Folgenden Themen werden behandelt:<\/span>[\/vc_column_text][vc_accordion][vc_accordion_tab title=&#8220;Medienkompetenz&#8220; tab_id=&#8220;1595510982-1-271595925779833&#8243;][vc_column_text]<\/p>\n<ul>\n<li>Was ist Medienkompetenz?<\/li>\n<li>Schl\u00fcsselkompetenz<\/li>\n<li>Medienkritik<\/li>\n<li>Medienkunde<\/li>\n<li>Mediennutzung<\/li>\n<li>Mediengestaltung<\/li>\n<li>Weitere Ans\u00e4tze<\/li>\n<\/ul>\n<p>[\/vc_column_text][\/vc_accordion_tab][vc_accordion_tab title=&#8220;Social Media&#8220; tab_id=&#8220;1595510982-2-681595925779833&#8243;][vc_column_text]<\/p>\n<ul>\n<li>Begriffserkl\u00e4rung<\/li>\n<li>Social-Media-Revolution<\/li>\n<li>Chancen<\/li>\n<li>Risiken<\/li>\n<li>Social-Media-Strategien<\/li>\n<li>Fake News<\/li>\n<\/ul>\n<p>[\/vc_column_text][\/vc_accordion_tab][vc_accordion_tab title=&#8220;Digital Leadership&#8220; tab_id=&#8220;1595511798468-2-71595925779833&#8243;][vc_column_text]<\/p>\n<ul>\n<li>Was ist Digital Leadership?<\/li>\n<li>Kernkompetenzen von Digital Leadern<\/li>\n<li>SMART-Formel<\/li>\n<\/ul>\n<p>[\/vc_column_text][\/vc_accordion_tab][\/vc_accordion][\/vc_column][vc_column column_width_percent=&#8220;100&#8243; gutter_size=&#8220;3&#8243; overlay_alpha=&#8220;50&#8243; shift_x=&#8220;0&#8243; shift_y=&#8220;-2&#8243; shift_y_down=&#8220;0&#8243; z_index=&#8220;0&#8243; medium_width=&#8220;0&#8243; mobile_width=&#8220;0&#8243; width=&#8220;1\/3&#8243;][vc_column_text]<strong><span style=\"font-size: 18pt;\">Kosten:<\/span><br \/>\n<\/strong>169,00 Euro\/St\u00fcck[\/vc_column_text][vc_button button_color=&#8220;color-169240&#8243; border_width=&#8220;0&#8243; link=&#8220;url:https%3A%2F%2Fbueser-akademie.com%2Findex.php%2Fkontakt%2F|title:Kontakt||&#8220; icon=&#8220;fa fa-chevron-right&#8220;]KONTAKT[\/vc_button][\/vc_column][\/vc_row][vc_row][vc_column width=&#8220;1\/1&#8243;][vc_single_image media=&#8220;1032&#8243; media_width_percent=&#8220;100&#8243;][\/vc_column][\/vc_row]<\/p>\n","protected":false},"excerpt":{"rendered":"<p>[vc_row][vc_column column_width_percent=&#8220;100&#8243; gutter_size=&#8220;3&#8243; overlay_alpha=&#8220;50&#8243; shift_x=&#8220;0&#8243; shift_y=&#8220;0&#8243; shift_y_down=&#8220;0&#8243; z_index=&#8220;0&#8243; medium_width=&#8220;0&#8243; mobile_width=&#8220;0&#8243; width=&#8220;1\/1&#8243;][vc_custom_heading text_color=&#8220;color-138194&#8243;]Digitalisierung \u2013 Digitale Medienkompetenz[\/vc_custom_heading][\/vc_column][\/vc_row][vc_row][vc_column column_width_percent=&#8220;100&#8243; gutter_size=&#8220;3&#8243; overlay_alpha=&#8220;50&#8243; shift_x=&#8220;0&#8243; shift_y=&#8220;-2&#8243; [&hellip;]<\/p>\n","protected":false},"author":4,"featured_media":0,"parent":0,"menu_order":0,"comment_status":"closed","ping_status":"closed","template":"","meta":[],"_links":{"self":[{"href":"https:\/\/bueser-akademie.com\/index.php\/wp-json\/wp\/v2\/pages\/2655"}],"collection":[{"href":"https:\/\/bueser-akademie.com\/index.php\/wp-json\/wp\/v2\/pages"}],"about":[{"href":"https:\/\/bueser-akademie.com\/index.php\/wp-json\/wp\/v2\/types\/page"}],"author":[{"embeddable":true,"href":"https:\/\/bueser-akademie.com\/index.php\/wp-json\/wp\/v2\/users\/4"}],"replies":[{"embeddable":true,"href":"https:\/\/bueser-akademie.com\/index.php\/wp-json\/wp\/v2\/comments?post=2655"}],"version-history":[{"count":17,"href":"https:\/\/bueser-akademie.com\/index.php\/wp-json\/wp\/v2\/pages\/2655\/revisions"}],"predecessor-version":[{"id":2834,"href":"https:\/\/bueser-akademie.com\/index.php\/wp-json\/wp\/v2\/pages\/2655\/revisions\/2834"}],"wp:attachment":[{"href":"https:\/\/bueser-akademie.com\/index.php\/wp-json\/wp\/v2\/media?parent=2655"}],"curies":[{"name":"wp","href":"https:\/\/api.w.org\/{rel}","templated":true}]}}