{"id":2659,"date":"2020-07-28T13:27:27","date_gmt":"2020-07-28T12:27:27","guid":{"rendered":"https:\/\/bueser-akademie.com\/?page_id=2659"},"modified":"2020-08-26T13:11:25","modified_gmt":"2020-08-26T12:11:25","slug":"digitalisierung-kuenstliche-intelligenz","status":"publish","type":"page","link":"https:\/\/bueser-akademie.com\/index.php\/digitalisierung-kuenstliche-intelligenz\/","title":{"rendered":"Digitalisierung \u2013 K\u00fcnstliche Intelligenz"},"content":{"rendered":"[vc_row][vc_column column_width_percent=&#8220;100&#8243; gutter_size=&#8220;3&#8243; overlay_alpha=&#8220;50&#8243; shift_x=&#8220;0&#8243; shift_y=&#8220;0&#8243; shift_y_down=&#8220;0&#8243; z_index=&#8220;0&#8243; medium_width=&#8220;0&#8243; mobile_width=&#8220;0&#8243; width=&#8220;1\/1&#8243;][vc_custom_heading text_color=&#8220;color-138194&#8243;]<span style=\"font-family: Open Sans;\"><strong><span style=\"font-size: 24pt;\">Digitalisierung \u2013 K\u00fcnstliche Intelligenz<\/span><\/strong><\/span>[\/vc_custom_heading][\/vc_column][\/vc_row][vc_row][vc_column column_width_percent=&#8220;100&#8243; gutter_size=&#8220;3&#8243; overlay_alpha=&#8220;50&#8243; shift_x=&#8220;0&#8243; shift_y=&#8220;-2&#8243; shift_y_down=&#8220;0&#8243; z_index=&#8220;0&#8243; medium_width=&#8220;0&#8243; mobile_width=&#8220;0&#8243; width=&#8220;1\/1&#8243;][vc_single_image media=&#8220;2188&#8243; media_width_percent=&#8220;100&#8243;][\/vc_column][\/vc_row][vc_row row_height_percent=&#8220;0&#8243; overlay_alpha=&#8220;50&#8243; gutter_size=&#8220;3&#8243; column_width_percent=&#8220;100&#8243; shift_y=&#8220;0&#8243; z_index=&#8220;0&#8243;][vc_column column_width_percent=&#8220;100&#8243; gutter_size=&#8220;3&#8243; overlay_alpha=&#8220;50&#8243; shift_x=&#8220;0&#8243; shift_y=&#8220;-2&#8243; shift_y_down=&#8220;0&#8243; z_index=&#8220;0&#8243; medium_width=&#8220;0&#8243; mobile_width=&#8220;0&#8243; width=&#8220;2\/3&#8243; css=&#8220;.vc_custom_1595925187840{padding-top: 6px !important;}&#8220;][vc_column_text]K\u00fcnstliche Intelligenz (KI) galt lange als Utopie und kam bislang nur im Sci-Fi-Genre vor. Der digitale Wandel erm\u00f6glicht nun erstmals deren reale Umsetzung. Dieses ausf\u00fchrliche WBT zeigt, wie KI die kulturelle, gesellschaftliche und wirtschaftliche Entwicklung beeinflussen kann und welche Chancen und Risiken in ihr liegen\r\n\r\n<span style=\"font-family: Open Sans; font-size: 18pt;\"><strong>Inhalte:\r\n<\/strong><\/span><span style=\"font-family: Open Sans; font-size: 12pt;\">Folgenden Themen werden behandelt:<\/span>[\/vc_column_text][vc_accordion][vc_accordion_tab title=&#8220;Grundlagen&#8220; tab_id=&#8220;1595510982-1-271595925779833&#8243;][vc_column_text]\r\n<ul>\r\n \t<li>Geschichte der KI<\/li>\r\n \t<li>Begriffserkl\u00e4rung<\/li>\r\n \t<li>KI &amp; IoT<\/li>\r\n<\/ul>\r\n[\/vc_column_text][\/vc_accordion_tab][vc_accordion_tab title=&#8220;Kerntechnologie Machine Learning&#8220; tab_id=&#8220;1595510982-2-681595925779833&#8243;][vc_column_text]\r\n<ul>\r\n \t<li>Machine Learning<\/li>\r\n \t<li>Anwendungen von Machine Learning<\/li>\r\n \t<li>Deep Learning<\/li>\r\n \t<li>Neuronale Netzwerke<\/li>\r\n<\/ul>\r\n[\/vc_column_text][\/vc_accordion_tab][vc_accordion_tab title=&#8220;Schwache &amp; starke KI&#8220; tab_id=&#8220;1595511798468-2-71595925779833&#8243;][vc_column_text]\r\n<ul>\r\n \t<li>Schwache KI<\/li>\r\n \t<li>Starke KI \u2013 AGI<\/li>\r\n \t<li>Starke KI \u2013 ASI<\/li>\r\n<\/ul>\r\n[\/vc_column_text][\/vc_accordion_tab][vc_accordion_tab title=&#8220;Teilbereiche der KI nach Wagener&#8220; tab_id=&#8220;1595511828435-3-101595925779833&#8243;][vc_column_text]\r\n<ul>\r\n \t<li>Schaubild<\/li>\r\n \t<li>Pattern Recognition<\/li>\r\n \t<li>Prediction (Prognose)<\/li>\r\n \t<li>Knowledge Representation<\/li>\r\n \t<li>Planning\/Scheduling\/Optimization<\/li>\r\n \t<li>Natural Language Processing (NLP)<\/li>\r\n \t<li>Robotics (Robotik)<\/li>\r\n \t<li>Machine Learning<\/li>\r\n<\/ul>\r\n[\/vc_column_text][\/vc_accordion_tab][vc_accordion_tab title=&#8220;Exkurs&#8220; tab_id=&#8220;1595511828435-3-101595925779833&#8243;][vc_column_text]\r\n<ul>\r\n \t<li>KI in der Popul\u00e4r-Kultur<\/li>\r\n<\/ul>\r\n[\/vc_column_text][\/vc_accordion_tab][vc_accordion_tab title=&#8220;Fazit&#8220; tab_id=&#8220;1595511828435-3-101595925779833&#8243;][vc_column_text]\r\n<ul>\r\n \t<li>Ausblick KI<\/li>\r\n \t<li>Risiken &amp; Herausforderungen<\/li>\r\n<\/ul>\r\n[\/vc_column_text][\/vc_accordion_tab][\/vc_accordion][\/vc_column][vc_column column_width_percent=&#8220;100&#8243; gutter_size=&#8220;3&#8243; overlay_alpha=&#8220;50&#8243; shift_x=&#8220;0&#8243; shift_y=&#8220;-2&#8243; shift_y_down=&#8220;0&#8243; z_index=&#8220;0&#8243; medium_width=&#8220;0&#8243; mobile_width=&#8220;0&#8243; width=&#8220;1\/3&#8243;][vc_column_text]<strong><span style=\"font-size: 18pt;\">Kosten:<\/span>\r\n<\/strong>169,00 Euro\/St\u00fcck[\/vc_column_text][vc_button button_color=&#8220;color-169240&#8243; border_width=&#8220;0&#8243; link=&#8220;url:https%3A%2F%2Fbueser-akademie.com%2Findex.php%2Fkontakt%2F|title:Kontakt||&#8220; icon=&#8220;fa fa-chevron-right&#8220;]KONTAKT[\/vc_button][\/vc_column][\/vc_row][vc_row][vc_column width=&#8220;1\/1&#8243;][vc_single_image media=&#8220;1032&#8243; media_width_percent=&#8220;100&#8243;][\/vc_column][\/vc_row]","protected":false},"excerpt":{"rendered":"<p>[vc_row][vc_column column_width_percent=&#8220;100&#8243; gutter_size=&#8220;3&#8243; overlay_alpha=&#8220;50&#8243; shift_x=&#8220;0&#8243; shift_y=&#8220;0&#8243; shift_y_down=&#8220;0&#8243; z_index=&#8220;0&#8243; medium_width=&#8220;0&#8243; mobile_width=&#8220;0&#8243; width=&#8220;1\/1&#8243;][vc_custom_heading text_color=&#8220;color-138194&#8243;]Digitalisierung \u2013 K\u00fcnstliche Intelligenz[\/vc_custom_heading][\/vc_column][\/vc_row][vc_row][vc_column column_width_percent=&#8220;100&#8243; gutter_size=&#8220;3&#8243; overlay_alpha=&#8220;50&#8243; shift_x=&#8220;0&#8243; shift_y=&#8220;-2&#8243; [&hellip;]<\/p>\n","protected":false},"author":4,"featured_media":0,"parent":0,"menu_order":0,"comment_status":"closed","ping_status":"closed","template":"","meta":[],"_links":{"self":[{"href":"https:\/\/bueser-akademie.com\/index.php\/wp-json\/wp\/v2\/pages\/2659"}],"collection":[{"href":"https:\/\/bueser-akademie.com\/index.php\/wp-json\/wp\/v2\/pages"}],"about":[{"href":"https:\/\/bueser-akademie.com\/index.php\/wp-json\/wp\/v2\/types\/page"}],"author":[{"embeddable":true,"href":"https:\/\/bueser-akademie.com\/index.php\/wp-json\/wp\/v2\/users\/4"}],"replies":[{"embeddable":true,"href":"https:\/\/bueser-akademie.com\/index.php\/wp-json\/wp\/v2\/comments?post=2659"}],"version-history":[{"count":8,"href":"https:\/\/bueser-akademie.com\/index.php\/wp-json\/wp\/v2\/pages\/2659\/revisions"}],"predecessor-version":[{"id":2854,"href":"https:\/\/bueser-akademie.com\/index.php\/wp-json\/wp\/v2\/pages\/2659\/revisions\/2854"}],"wp:attachment":[{"href":"https:\/\/bueser-akademie.com\/index.php\/wp-json\/wp\/v2\/media?parent=2659"}],"curies":[{"name":"wp","href":"https:\/\/api.w.org\/{rel}","templated":true}]}}