{"id":560,"date":"2020-03-13T12:50:21","date_gmt":"2020-03-13T11:50:21","guid":{"rendered":"https:\/\/bueser-akademie.com\/?page_id=560"},"modified":"2020-07-24T11:26:02","modified_gmt":"2020-07-24T10:26:02","slug":"digitalisierung","status":"publish","type":"page","link":"https:\/\/bueser-akademie.com\/index.php\/digitalisierung\/","title":{"rendered":"Digitalisierung"},"content":{"rendered":"<p>[vc_row][vc_column width=&#8220;1\/1&#8243;][vc_column_text]Der Megatrend\u00a0<strong>Digitalisierung<\/strong>\u00a0hat in den letzten Jahren Unternehmen und die Wirtschaft als Ganzes und den Alltag der Menschen fundamental ver\u00e4ndert. Einige der Effekte, die f\u00fcr die Unternehmensentwicklung der Dr. B\u00fcser Management Akademie von Bedeutung sind, sollen hier kurz erl\u00e4utert werden.<\/p>\n<p><strong>Flache Hierarchien und Selbstorganisation:<\/strong><\/p>\n<p>Die Organisation von Unternehmen ver\u00e4ndert sich grundlegend allein durch die Tatsache, dass prinzipiell alle verf\u00fcgbaren Daten zu jedem Zeitpunkt an jedem Ort im Unternehmen zur Verf\u00fcgung gestellt werden k\u00f6nnen. Zudem sind alle Mitarbeiter durch Kollaborations-Tools in der Lage, \u00fcber alle Organisationsgrenzen hinweg zusammenzuarbeiten. Damit verliert die Zentrale an Bedeutung, und die Wertsch\u00f6pfung wandert mehr in die Peripherie von Unternehmen. F\u00fcr das Management hat das zur Folge, dass Selbstmanagement und die Verlagerung von Entscheidungsbefugnissen in Unternehmen zu h\u00f6chster Leistungsf\u00e4higkeit und h\u00f6chster Beweglichkeit f\u00fchren.<\/p>\n<p><strong>Prozessoptimierung, Process Mining:<\/strong><\/p>\n<p>Durch die Verf\u00fcgbarkeit von Daten gewinnen Prozesse an Bedeutung gegen\u00fcber Abteilungen. Eine leistungsstarke Version der Prozessoptimierung ist\u00a0<strong>Process Mining<\/strong>, bei der Daten aus ERP-Systemen zu Prozess-Ablauf-Schaubildern verwandelt werden. W\u00e4hrend die am h\u00e4ufigsten verwendeten Prozessvarianten in der Regel dem definierten Soll-Prozess entsprechen, werden Abweichungen vom Soll-Prozess bei seltener verwendeten Prozessvarianten immer besser erkennbar.<\/p>\n<p>Process Mining folgt dem Dreischritt 1. Prozess-Analyse, 2. Analyse der Prozess-Konformit\u00e4t, 3. Digitale Prozessoptimierung.<\/p>\n<p><strong>Digitale Prozessoptimierung:<\/strong><\/p>\n<p>Enorme Produktivit\u00e4tszuw\u00e4chse liegen in der digitalen Automatisierung von operationalisierbaren Standardprozessen. Problematisch ist allerdings die damit verbundene Rationalisierung von Mitarbeitern. Gutes Change Management ber\u00fccksichtigt neben der reinen Prozessoptimierung auch die Perspektiven und Zukunftschancen von Mitarbeitern durch Weiterbildung und Neuintegration in andere Aufgaben.<\/p>\n<p><a href=\"https:\/\/bueser-akademie.com\/index.php\/kontakt\/\">Sprechen Sie uns an.<\/a>[\/vc_column_text][\/vc_column][\/vc_row]<\/p>\n","protected":false},"excerpt":{"rendered":"<p>[vc_row][vc_column width=&#8220;1\/1&#8243;][vc_column_text]Der Megatrend\u00a0Digitalisierung\u00a0hat in den letzten Jahren Unternehmen und die Wirtschaft als Ganzes und den Alltag der Menschen fundamental ver\u00e4ndert. [&hellip;]<\/p>\n","protected":false},"author":2,"featured_media":0,"parent":0,"menu_order":0,"comment_status":"closed","ping_status":"closed","template":"","meta":[],"_links":{"self":[{"href":"https:\/\/bueser-akademie.com\/index.php\/wp-json\/wp\/v2\/pages\/560"}],"collection":[{"href":"https:\/\/bueser-akademie.com\/index.php\/wp-json\/wp\/v2\/pages"}],"about":[{"href":"https:\/\/bueser-akademie.com\/index.php\/wp-json\/wp\/v2\/types\/page"}],"author":[{"embeddable":true,"href":"https:\/\/bueser-akademie.com\/index.php\/wp-json\/wp\/v2\/users\/2"}],"replies":[{"embeddable":true,"href":"https:\/\/bueser-akademie.com\/index.php\/wp-json\/wp\/v2\/comments?post=560"}],"version-history":[{"count":28,"href":"https:\/\/bueser-akademie.com\/index.php\/wp-json\/wp\/v2\/pages\/560\/revisions"}],"predecessor-version":[{"id":2536,"href":"https:\/\/bueser-akademie.com\/index.php\/wp-json\/wp\/v2\/pages\/560\/revisions\/2536"}],"wp:attachment":[{"href":"https:\/\/bueser-akademie.com\/index.php\/wp-json\/wp\/v2\/media?parent=560"}],"curies":[{"name":"wp","href":"https:\/\/api.w.org\/{rel}","templated":true}]}}